{"id":7821,"date":"2024-12-05T21:45:14","date_gmt":"2024-12-05T21:45:14","guid":{"rendered":"http:\/\/beatrizazevedo.com\/?page_id=7821"},"modified":"2024-12-05T22:41:37","modified_gmt":"2024-12-05T22:41:37","slug":"contact","status":"publish","type":"page","link":"https:\/\/beatrizazevedo.com\/en\/contact\/","title":{"rendered":"contact"},"content":{"rendered":"\n<p><br><strong>ACADEMIA EDU<\/strong><br><a href=\"https:\/\/tisch-nyu.academia.edu\/BeatrizAzevedo\/\">https:\/\/tisch-nyu.academia.edu\/BeatrizAzevedo\/<\/a><\/p>\n\n\n\n<p><strong>CV LATTES<\/strong><br><a href=\"http:\/\/lattes.cnpq.br\/8503622769845586\">http:\/\/lattes.cnpq.br\/8503622769845586<\/a><br><br><strong>GOOGLE SCHOLAR<\/strong><br><a href=\"https:\/\/scholar.google.com\/citations?user=ZCmUaDYAAAAJ\">https:\/\/scholar.google.com\/citations?user=ZCmUaDYAAAAJ<\/a><br><br><strong>LINKEDIN<\/strong><br><a href=\"https:\/\/www.linkedin.com\/in\/beatriz-azevedo-24110a10\/\u2028\">https:\/\/www.linkedin.com\/in\/beatriz-azevedo-24110a10\/\u2028<\/a><br><br><strong>FAPESP<\/strong><br><a href=\"https:\/\/bv.fapesp.br\/pt\/pesquisador\/672766\/ana-beatriz-sampaio-soares-de-azevedo\/\">https:\/\/bv.fapesp.br\/pt\/pesquisador\/672766\/ana-beatriz-sampaio-soares-de-azevedo\/<\/a><br><br><strong>ORCID<\/strong><br><a href=\"https:\/\/orcid.org\/0000-0001-6132-7005\">https:\/\/orcid.org\/0000-0001-6132-7005<\/a><br><br><strong>SORBONNE UNIVERSIT\u00c9<\/strong><br><a href=\"https:\/\/crimic-sorbonne.fr\/manifestations\/beatriz-azevedo-antropofagia-musica-e-performance\/\">https:\/\/crimic-sorbonne.fr\/manifestations\/beatriz-azevedo-antropofagia-musica-e-performance\/<\/a><br><br><strong>SORBONNE &#8211; CREPAL<\/strong><br>Centre de recherches sur les pays lusophones <br><a href=\"http:\/\/www.univ-paris3.fr\/membres-associes-du-crepal-510553.kjsp?RH=1179925961149\">http:\/\/www.univ-paris3.fr\/membres-associes-du-crepal-510553.kjsp?RH=1179925961149<\/a><br><br><strong>UNICAMP<\/strong><br><a href=\"https:\/\/portal.dados.unicamp.br\/perfil?origem=&amp;docente=316733&amp;sigla_unidade=NUDECR&amp;nome_unidade=NUCLEO%20DE%20DESENVOLVIMENTO%20DA%20CRIATIVIDADE&amp;nome_programa=\" target=\"_blank\" rel=\"noreferrer noopener\">https:\/\/portal.dados.unicamp.br\/perfil?origem=&amp;docente=316733&amp;sigla_unidade=NUDECR&amp;nome_unidade=NUCLEO%20DE%20DESENVOLVIMENTO%20DA%20CRIATIVIDADE&amp;nome_program<\/a><a href=\"http:\/\/NUCLEO DESENVOLVIMENTO DA CRIATIVIDADE\" target=\"_blank\" rel=\"noreferrer noopener\">a=\u2028<\/a><br><br><strong>LABJOR Laborat\u00f3rio de Estudos Avan\u00e7ados<\/strong><br>Programa de P\u00f3s-Gradua\u00e7\u00e3o em Divulga\u00e7\u00e3o Cient\u00edfica e Cultural<br><a href=\"http:\/\/www.labjor.unicamp.br\/?page_id=1117\">http:\/\/www.labjor.unicamp.br\/?page_id=1117<\/a><br><br><strong>POST DOC<\/strong><br><a href=\"http:\/\/www.labjor.unicamp.br\/?page_id=3563\">http:\/\/www.labjor.unicamp.br\/?page_id=3563<\/a><br><br><strong>USP &#8211; INSTITUTO DE ESTUDOS AVAN\u00c7ADOS\u2028<\/strong><br><a href=\"http:\/\/www.iea.usp.br\/pessoas\/pasta-pessoab\/beatriz-azevedo\">http:\/\/www.iea.usp.br\/pessoas\/pasta-pessoab\/beatriz-azevedo<\/a><br>\u2028\u2028<br><strong>YOUTUBE<\/strong><br><a href=\"https:\/\/www.youtube.com\/BeatrizAzevedo\">https:\/\/www.youtube.com\/BeatrizAzevedo<\/a><\/p>\n\n\n\n<p><strong>INSTAGRAM<\/strong><br><a href=\"https:\/\/www.instagram.com\/beatrizazevedo__\/\">https:\/\/www.instagram.com\/beatrizazevedo__\/<\/a><\/p>\n\n\n\n<p><strong>SPOTIFY<\/strong><br><a href=\"https:\/\/open.spotify.com\/artist\/4fIGoIA5oaJn3HorAEQFNG\">https:\/\/open.spotify.com\/artist\/4fIGoIA5oaJn3HorAEQFNG<\/a><br>\u2028<br><strong>TWITTER<\/strong><br><a href=\"https:\/\/x.com\/beatrizazevedo\u2028\">https:\/\/x.com\/beatrizazevedo\u2028<\/a><br><br><strong>PORTFOLIO<\/strong><br><a href=\"http:\/\/beatrizazevedo.com\/portfolio\/\">http:\/\/beatrizazevedo.com\/portfolio\/<\/a><\/p>\n\n\n\n<p><strong>Tv Interview<\/strong><br><a href=\"https:\/\/www.ebc.com.br\/sobre-a-ebc\/noticias\/2017\/04\/aderbal-freire-filho-recebe-a-multiartista-beatriz-azevedo\">https:\/\/www.ebc.com.br\/sobre-a-ebc\/noticias\/2017\/04\/aderbal-freire-filho-recebe-a-multiartista-beatriz-azevedo<\/a><\/p>\n","protected":false},"excerpt":{"rendered":"<p>ACADEMIA EDUhttps:\/\/tisch-nyu.academia.edu\/BeatrizAzevedo\/<\/p>\n<p>CV LATTEShttp:\/\/lattes.cnpq.br\/8503622769845586GOOGLE SCHOLARhttps:\/\/scholar.google.com\/citations?user=ZCmUaDYAAAAJLINKEDINhttps:\/\/www.linkedin.com\/in\/beatriz-azevedo-24110a10\/\u2028FAPESPhttps:\/\/bv.fapesp.br\/pt\/pesquisador\/672766\/ana-beatriz-sampaio-soares-de-azevedo\/ORCIDhttps:\/\/orcid.org\/0000-0001-6132-7005SORBONNE UNIVERSIT\u00c9https:\/\/crimic-sorbonne.fr\/manifestations\/beatriz-azevedo-antropofagia-musica-e-performance\/SORBONNE &#8211; CREPALCentre de recherches sur les pays lusophones http:\/\/www.univ-paris3.fr\/membres-associes-du-crepal-510553.kjsp?RH=1179925961149UNICAMPhttps:\/\/portal.dados.unicamp.br\/perfil?origem=&amp;docente=316733&amp;sigla_unidade=NUDECR&amp;nome_unidade=NUCLEO%20DE%20DESENVOLVIMENTO%20DA%20CRIATIVIDADE&amp;nome_programa=\u2028LABJOR Laborat\u00f3rio de Estudos Avan\u00e7adosPrograma de P\u00f3s-Gradua\u00e7\u00e3o em Divulga\u00e7\u00e3o Cient\u00edfica e Culturalhttp:\/\/www.labjor.unicamp.br\/?page_id=1117POST DOChttp:\/\/www.labjor.unicamp.br\/?page_id=3563USP &#8211; INSTITUTO DE ESTUDOS &#8230;<\/p>\n","protected":false},"author":2,"featured_media":0,"parent":0,"menu_order":0,"comment_status":"closed","ping_status":"closed","template":"","meta":{"_monsterinsights_skip_tracking":false,"_monsterinsights_sitenote_active":false,"_monsterinsights_sitenote_note":"","_monsterinsights_sitenote_category":0,"ngg_post_thumbnail":0,"footnotes":""},"class_list":["post-7821","page","type-page","status-publish","hentry"],"yoast_head":"<!-- This site is optimized with the Yoast SEO plugin v22.7 - https:\/\/yoast.com\/wordpress\/plugins\/seo\/ -->\n<title>contact | B E A T R I Z AZEVEDO<\/title>\n<meta name=\"robots\" content=\"index, follow, max-snippet:-1, max-image-preview:large, max-video-preview:-1\" \/>\n<link rel=\"canonical\" href=\"https:\/\/www.beatrizazevedo.com\/contact\/\" \/>\n<meta property=\"og:locale\" content=\"en_US\" \/>\n<meta property=\"og:type\" content=\"article\" \/>\n<meta property=\"og:title\" content=\"contact | B E A T R I Z AZEVEDO\" \/>\n<meta property=\"og:description\" content=\"ACADEMIA EDUhttps:\/\/tisch-nyu.academia.edu\/BeatrizAzevedo\/  CV LATTEShttp:\/\/lattes.cnpq.br\/8503622769845586GOOGLE SCHOLARhttps:\/\/scholar.google.com\/citations?user=ZCmUaDYAAAAJLINKEDINhttps:\/\/www.linkedin.com\/in\/beatriz-azevedo-24110a10\/\u2028FAPESPhttps:\/\/bv.fapesp.br\/pt\/pesquisador\/672766\/ana-beatriz-sampaio-soares-de-azevedo\/ORCIDhttps:\/\/orcid.org\/0000-0001-6132-7005SORBONNE UNIVERSIT\u00c9https:\/\/crimic-sorbonne.fr\/manifestations\/beatriz-azevedo-antropofagia-musica-e-performance\/SORBONNE &#8211; CREPALCentre de recherches sur les pays lusophones http:\/\/www.univ-paris3.fr\/membres-associes-du-crepal-510553.kjsp?RH=1179925961149UNICAMPhttps:\/\/portal.dados.unicamp.br\/perfil?origem=&amp;docente=316733&amp;sigla_unidade=NUDECR&amp;nome_unidade=NUCLEO%20DE%20DESENVOLVIMENTO%20DA%20CRIATIVIDADE&amp;nome_programa=\u2028LABJOR Laborat\u00f3rio de Estudos Avan\u00e7adosPrograma de P\u00f3s-Gradua\u00e7\u00e3o em Divulga\u00e7\u00e3o Cient\u00edfica e Culturalhttp:\/\/www.labjor.unicamp.br\/?page_id=1117POST DOChttp:\/\/www.labjor.unicamp.br\/?page_id=3563USP &#8211; INSTITUTO DE ESTUDOS ...\" \/>\n<meta property=\"og:url\" content=\"https:\/\/www.beatrizazevedo.com\/contact\/\" \/>\n<meta property=\"og:site_name\" content=\"B E A T R I Z AZEVEDO\" \/>\n<meta property=\"article:modified_time\" content=\"2024-12-05T22:41:37+00:00\" \/>\n<meta name=\"twitter:label1\" content=\"Est. reading time\" \/>\n\t<meta name=\"twitter:data1\" content=\"1 minute\" \/>\n<script type=\"application\/ld+json\" class=\"yoast-schema-graph\">{\"@context\":\"https:\/\/schema.org\",\"@graph\":[{\"@type\":\"WebPage\",\"@id\":\"https:\/\/www.beatrizazevedo.com\/contact\/\",\"url\":\"https:\/\/www.beatrizazevedo.com\/contact\/\",\"name\":\"contact | B E A T R I Z AZEVEDO\",\"isPartOf\":{\"@id\":\"https:\/\/www.beatrizazevedo.com\/en\/#website\"},\"datePublished\":\"2024-12-05T21:45:14+00:00\",\"dateModified\":\"2024-12-05T22:41:37+00:00\",\"breadcrumb\":{\"@id\":\"https:\/\/www.beatrizazevedo.com\/contact\/#breadcrumb\"},\"inLanguage\":\"en-US\",\"potentialAction\":[{\"@type\":\"ReadAction\",\"target\":[\"https:\/\/www.beatrizazevedo.com\/contact\/\"]}]},{\"@type\":\"BreadcrumbList\",\"@id\":\"https:\/\/www.beatrizazevedo.com\/contact\/#breadcrumb\",\"itemListElement\":[{\"@type\":\"ListItem\",\"position\":1,\"name\":\"In\u00edcio\",\"item\":\"https:\/\/www.beatrizazevedo.com\/en\/\"},{\"@type\":\"ListItem\",\"position\":2,\"name\":\"contact\"}]},{\"@type\":\"WebSite\",\"@id\":\"https:\/\/www.beatrizazevedo.com\/en\/#website\",\"url\":\"https:\/\/www.beatrizazevedo.com\/en\/\",\"name\":\"B E A T R I Z AZEVEDO\",\"description\":\"BEATRIZ AZEVEDO - official website\",\"potentialAction\":[{\"@type\":\"SearchAction\",\"target\":{\"@type\":\"EntryPoint\",\"urlTemplate\":\"https:\/\/www.beatrizazevedo.com\/en\/?s={search_term_string}\"},\"query-input\":\"required name=search_term_string\"}],\"inLanguage\":\"en-US\"}]}<\/script>\n<!-- \/ Yoast SEO plugin. -->","yoast_head_json":{"title":"contact | B E A T R I Z AZEVEDO","robots":{"index":"index","follow":"follow","max-snippet":"max-snippet:-1","max-image-preview":"max-image-preview:large","max-video-preview":"max-video-preview:-1"},"canonical":"https:\/\/www.beatrizazevedo.com\/contact\/","og_locale":"en_US","og_type":"article","og_title":"contact | B E A T R I Z AZEVEDO","og_description":"ACADEMIA EDUhttps:\/\/tisch-nyu.academia.edu\/BeatrizAzevedo\/  CV LATTEShttp:\/\/lattes.cnpq.br\/8503622769845586GOOGLE SCHOLARhttps:\/\/scholar.google.com\/citations?user=ZCmUaDYAAAAJLINKEDINhttps:\/\/www.linkedin.com\/in\/beatriz-azevedo-24110a10\/\u2028FAPESPhttps:\/\/bv.fapesp.br\/pt\/pesquisador\/672766\/ana-beatriz-sampaio-soares-de-azevedo\/ORCIDhttps:\/\/orcid.org\/0000-0001-6132-7005SORBONNE UNIVERSIT\u00c9https:\/\/crimic-sorbonne.fr\/manifestations\/beatriz-azevedo-antropofagia-musica-e-performance\/SORBONNE &#8211; CREPALCentre de recherches sur les pays lusophones http:\/\/www.univ-paris3.fr\/membres-associes-du-crepal-510553.kjsp?RH=1179925961149UNICAMPhttps:\/\/portal.dados.unicamp.br\/perfil?origem=&amp;docente=316733&amp;sigla_unidade=NUDECR&amp;nome_unidade=NUCLEO%20DE%20DESENVOLVIMENTO%20DA%20CRIATIVIDADE&amp;nome_programa=\u2028LABJOR Laborat\u00f3rio de Estudos Avan\u00e7adosPrograma de P\u00f3s-Gradua\u00e7\u00e3o em Divulga\u00e7\u00e3o Cient\u00edfica e Culturalhttp:\/\/www.labjor.unicamp.br\/?page_id=1117POST DOChttp:\/\/www.labjor.unicamp.br\/?page_id=3563USP &#8211; INSTITUTO DE ESTUDOS ...","og_url":"https:\/\/www.beatrizazevedo.com\/contact\/","og_site_name":"B E A T R I Z AZEVEDO","article_modified_time":"2024-12-05T22:41:37+00:00","twitter_misc":{"Est. reading time":"1 minute"},"schema":{"@context":"https:\/\/schema.org","@graph":[{"@type":"WebPage","@id":"https:\/\/www.beatrizazevedo.com\/contact\/","url":"https:\/\/www.beatrizazevedo.com\/contact\/","name":"contact | B E A T R I Z AZEVEDO","isPartOf":{"@id":"https:\/\/www.beatrizazevedo.com\/en\/#website"},"datePublished":"2024-12-05T21:45:14+00:00","dateModified":"2024-12-05T22:41:37+00:00","breadcrumb":{"@id":"https:\/\/www.beatrizazevedo.com\/contact\/#breadcrumb"},"inLanguage":"en-US","potentialAction":[{"@type":"ReadAction","target":["https:\/\/www.beatrizazevedo.com\/contact\/"]}]},{"@type":"BreadcrumbList","@id":"https:\/\/www.beatrizazevedo.com\/contact\/#breadcrumb","itemListElement":[{"@type":"ListItem","position":1,"name":"In\u00edcio","item":"https:\/\/www.beatrizazevedo.com\/en\/"},{"@type":"ListItem","position":2,"name":"contact"}]},{"@type":"WebSite","@id":"https:\/\/www.beatrizazevedo.com\/en\/#website","url":"https:\/\/www.beatrizazevedo.com\/en\/","name":"B E A T R I Z AZEVEDO","description":"BEATRIZ AZEVEDO - official website","potentialAction":[{"@type":"SearchAction","target":{"@type":"EntryPoint","urlTemplate":"https:\/\/www.beatrizazevedo.com\/en\/?s={search_term_string}"},"query-input":"required name=search_term_string"}],"inLanguage":"en-US"}]}},"_links":{"self":[{"href":"https:\/\/beatrizazevedo.com\/en\/wp-json\/wp\/v2\/pages\/7821","targetHints":{"allow":["GET"]}}],"collection":[{"href":"https:\/\/beatrizazevedo.com\/en\/wp-json\/wp\/v2\/pages"}],"about":[{"href":"https:\/\/beatrizazevedo.com\/en\/wp-json\/wp\/v2\/types\/page"}],"author":[{"embeddable":true,"href":"https:\/\/beatrizazevedo.com\/en\/wp-json\/wp\/v2\/users\/2"}],"replies":[{"embeddable":true,"href":"https:\/\/beatrizazevedo.com\/en\/wp-json\/wp\/v2\/comments?post=7821"}],"version-history":[{"count":3,"href":"https:\/\/beatrizazevedo.com\/en\/wp-json\/wp\/v2\/pages\/7821\/revisions"}],"predecessor-version":[{"id":8296,"href":"https:\/\/beatrizazevedo.com\/en\/wp-json\/wp\/v2\/pages\/7821\/revisions\/8296"}],"wp:attachment":[{"href":"https:\/\/beatrizazevedo.com\/en\/wp-json\/wp\/v2\/media?parent=7821"}],"curies":[{"name":"wp","href":"https:\/\/api.w.org\/{rel}","templated":true}]}}