{"id":6090,"date":"2019-06-13T05:11:01","date_gmt":"2019-06-13T05:11:01","guid":{"rendered":"http:\/\/beatrizazevedo.com\/pro\/"},"modified":"2023-04-24T13:14:05","modified_gmt":"2023-04-24T13:14:05","slug":"pro","status":"publish","type":"page","link":"https:\/\/beatrizazevedo.com\/en\/pro\/","title":{"rendered":"Pro"},"content":{"rendered":"\n<p>FOTOS PARA DIVULGA\u00c7\u00c3O<\/p>\n\n\n\n<p><em>Clique na imagem desejada para realizar Download imediato<\/em><\/p>\n\n\n\n<figure class=\"wp-block-gallery has-nested-images columns-5 is-cropped wp-block-gallery-1 is-layout-flex wp-block-gallery-is-layout-flex\">\n<figure class=\"wp-block-image size-large\"><a href=\"http:\/\/beatrizazevedo.com\/download\/attachment\/beatriz-azevedo-18\/\"><img loading=\"lazy\" decoding=\"async\" width=\"1200\" height=\"778\" data-id=\"5988\" src=\"http:\/\/beatrizazevedo.com\/wp-content\/uploads\/2019\/06\/IMG_2392-COLOR-1200x778.jpg\" alt=\"\" class=\"wp-image-5988\" srcset=\"https:\/\/beatrizazevedo.com\/wp-content\/uploads\/2019\/06\/IMG_2392-COLOR-1200x778.jpg 1200w, https:\/\/beatrizazevedo.com\/wp-content\/uploads\/2019\/06\/IMG_2392-COLOR-150x97.jpg 150w, https:\/\/beatrizazevedo.com\/wp-content\/uploads\/2019\/06\/IMG_2392-COLOR-600x389.jpg 600w, https:\/\/beatrizazevedo.com\/wp-content\/uploads\/2019\/06\/IMG_2392-COLOR-768x498.jpg 768w, https:\/\/beatrizazevedo.com\/wp-content\/uploads\/2019\/06\/IMG_2392-COLOR-300x195.jpg 300w\" sizes=\"auto, (max-width: 1200px) 100vw, 1200px\" \/><\/a><figcaption class=\"wp-element-caption\">Foto: Julia Moraes<\/figcaption><\/figure>\n\n\n\n<figure class=\"wp-block-image size-large\"><a href=\"http:\/\/beatrizazevedo.com\/beatriz-azevedo-14\/\"><img loading=\"lazy\" decoding=\"async\" width=\"1200\" height=\"800\" data-id=\"4938\" src=\"http:\/\/beatrizazevedo.com\/wp-content\/uploads\/2014\/12\/fjulia-1200x800.jpg\" alt=\"\" class=\"wp-image-4938\" srcset=\"https:\/\/beatrizazevedo.com\/wp-content\/uploads\/2014\/12\/fjulia-1200x800.jpg 1200w, https:\/\/beatrizazevedo.com\/wp-content\/uploads\/2014\/12\/fjulia-600x400.jpg 600w, https:\/\/beatrizazevedo.com\/wp-content\/uploads\/2014\/12\/fjulia-300x200.jpg 300w\" sizes=\"auto, (max-width: 1200px) 100vw, 1200px\" \/><\/a><figcaption class=\"wp-element-caption\">Foto: Julia Moraes<\/figcaption><\/figure>\n\n\n\n<figure class=\"wp-block-image size-large\"><a href=\"http:\/\/beatrizazevedo.com\/download\/attachment\/img_7678-matheusnachtergaelebeatrizazevedo-2\/\"><img loading=\"lazy\" decoding=\"async\" width=\"1200\" height=\"800\" data-id=\"5428\" src=\"http:\/\/beatrizazevedo.com\/wp-content\/uploads\/2014\/02\/IMG_7678-MatheusNachtergaeleBeatrizAzevedo-1200x800.jpg\" alt=\"Foto: Divulga\u00e7\u00e3o\" class=\"wp-image-5428\" srcset=\"https:\/\/beatrizazevedo.com\/wp-content\/uploads\/2014\/02\/IMG_7678-MatheusNachtergaeleBeatrizAzevedo-1200x800.jpg 1200w, https:\/\/beatrizazevedo.com\/wp-content\/uploads\/2014\/02\/IMG_7678-MatheusNachtergaeleBeatrizAzevedo-600x400.jpg 600w, https:\/\/beatrizazevedo.com\/wp-content\/uploads\/2014\/02\/IMG_7678-MatheusNachtergaeleBeatrizAzevedo-768x512.jpg 768w, https:\/\/beatrizazevedo.com\/wp-content\/uploads\/2014\/02\/IMG_7678-MatheusNachtergaeleBeatrizAzevedo-300x200.jpg 300w, https:\/\/beatrizazevedo.com\/wp-content\/uploads\/2014\/02\/IMG_7678-MatheusNachtergaeleBeatrizAzevedo.jpg 1280w\" sizes=\"auto, (max-width: 1200px) 100vw, 1200px\" \/><\/a><figcaption class=\"wp-element-caption\">Foto: Divulga\u00e7\u00e3o<\/figcaption><\/figure>\n\n\n\n<figure class=\"wp-block-image size-large\"><a href=\"http:\/\/beatrizazevedo.com\/flenise\/\"><img loading=\"lazy\" decoding=\"async\" width=\"1200\" height=\"952\" data-id=\"4939\" src=\"http:\/\/beatrizazevedo.com\/wp-content\/uploads\/2014\/12\/flenise-1200x952.jpg\" alt=\"\" class=\"wp-image-4939\" srcset=\"https:\/\/beatrizazevedo.com\/wp-content\/uploads\/2014\/12\/flenise-1200x952.jpg 1200w, https:\/\/beatrizazevedo.com\/wp-content\/uploads\/2014\/12\/flenise-600x476.jpg 600w, https:\/\/beatrizazevedo.com\/wp-content\/uploads\/2014\/12\/flenise-300x238.jpg 300w, https:\/\/beatrizazevedo.com\/wp-content\/uploads\/2014\/12\/flenise.jpg 2016w\" sizes=\"auto, (max-width: 1200px) 100vw, 1200px\" \/><\/a><figcaption class=\"wp-element-caption\">Foto: Lenise Pinheiro<\/figcaption><\/figure>\n\n\n\n<figure class=\"wp-block-image size-large\"><a href=\"http:\/\/beatrizazevedo.com\/download\/attachment\/bobvestido-copy\/\"><img loading=\"lazy\" decoding=\"async\" width=\"1200\" height=\"912\" data-id=\"5413\" src=\"http:\/\/beatrizazevedo.com\/wp-content\/uploads\/2014\/02\/Bobvestido-copy-1200x912.jpg\" alt=\"Foto: Bob Wolfenson\" class=\"wp-image-5413\" srcset=\"https:\/\/beatrizazevedo.com\/wp-content\/uploads\/2014\/02\/Bobvestido-copy-1200x912.jpg 1200w, https:\/\/beatrizazevedo.com\/wp-content\/uploads\/2014\/02\/Bobvestido-copy-600x456.jpg 600w, https:\/\/beatrizazevedo.com\/wp-content\/uploads\/2014\/02\/Bobvestido-copy-768x584.jpg 768w, https:\/\/beatrizazevedo.com\/wp-content\/uploads\/2014\/02\/Bobvestido-copy-300x228.jpg 300w\" sizes=\"auto, (max-width: 1200px) 100vw, 1200px\" \/><\/a><figcaption class=\"wp-element-caption\">Foto: Bob Wolfenson<\/figcaption><\/figure>\n\n\n\n<figure class=\"wp-block-image size-large\"><a href=\"http:\/\/beatrizazevedo.com\/download\/attachment\/bea-sorriso\/\"><img loading=\"lazy\" decoding=\"async\" width=\"1200\" height=\"671\" data-id=\"5414\" src=\"http:\/\/beatrizazevedo.com\/wp-content\/uploads\/2014\/02\/BEa-sorriso-1200x671.jpg\" alt=\"Foto: Divulga\u00e7\u00e3o\" class=\"wp-image-5414\" srcset=\"https:\/\/beatrizazevedo.com\/wp-content\/uploads\/2014\/02\/BEa-sorriso-1200x671.jpg 1200w, https:\/\/beatrizazevedo.com\/wp-content\/uploads\/2014\/02\/BEa-sorriso-600x335.jpg 600w, https:\/\/beatrizazevedo.com\/wp-content\/uploads\/2014\/02\/BEa-sorriso-768x429.jpg 768w, https:\/\/beatrizazevedo.com\/wp-content\/uploads\/2014\/02\/BEa-sorriso-300x168.jpg 300w\" sizes=\"auto, (max-width: 1200px) 100vw, 1200px\" \/><\/a><figcaption class=\"wp-element-caption\">Foto: Divulga\u00e7\u00e3o<\/figcaption><\/figure>\n\n\n\n<figure class=\"wp-block-image size-large\"><a href=\"http:\/\/beatrizazevedo.com\/download\/attachment\/beatriz-foto-lenise\/\"><img loading=\"lazy\" decoding=\"async\" width=\"1200\" height=\"613\" data-id=\"5415\" src=\"http:\/\/beatrizazevedo.com\/wp-content\/uploads\/2014\/02\/Beatriz-foto-Lenise-1200x613.jpg\" alt=\"Foto: Lenise Pinheiro\" class=\"wp-image-5415\" srcset=\"https:\/\/beatrizazevedo.com\/wp-content\/uploads\/2014\/02\/Beatriz-foto-Lenise-1200x613.jpg 1200w, https:\/\/beatrizazevedo.com\/wp-content\/uploads\/2014\/02\/Beatriz-foto-Lenise-600x307.jpg 600w, https:\/\/beatrizazevedo.com\/wp-content\/uploads\/2014\/02\/Beatriz-foto-Lenise-768x393.jpg 768w, https:\/\/beatrizazevedo.com\/wp-content\/uploads\/2014\/02\/Beatriz-foto-Lenise-300x153.jpg 300w, https:\/\/beatrizazevedo.com\/wp-content\/uploads\/2014\/02\/Beatriz-foto-Lenise.jpg 2048w\" sizes=\"auto, (max-width: 1200px) 100vw, 1200px\" \/><\/a><figcaption class=\"wp-element-caption\">Foto: Lenise Pinheiro<\/figcaption><\/figure>\n\n\n\n<figure class=\"wp-block-image size-large\"><a href=\"http:\/\/beatrizazevedo.com\/download\/attachment\/foto-jose-limongi\/\"><img loading=\"lazy\" decoding=\"async\" width=\"1200\" height=\"675\" data-id=\"5416\" src=\"http:\/\/beatrizazevedo.com\/wp-content\/uploads\/2014\/02\/foto-Jose-Limongi-1200x675.jpg\" alt=\"Foto: Jos\u00e9 Limongi\" class=\"wp-image-5416\" srcset=\"https:\/\/beatrizazevedo.com\/wp-content\/uploads\/2014\/02\/foto-Jose-Limongi-1200x675.jpg 1200w, https:\/\/beatrizazevedo.com\/wp-content\/uploads\/2014\/02\/foto-Jose-Limongi-600x338.jpg 600w, https:\/\/beatrizazevedo.com\/wp-content\/uploads\/2014\/02\/foto-Jose-Limongi-768x432.jpg 768w, https:\/\/beatrizazevedo.com\/wp-content\/uploads\/2014\/02\/foto-Jose-Limongi-300x169.jpg 300w, https:\/\/beatrizazevedo.com\/wp-content\/uploads\/2014\/02\/foto-Jose-Limongi.jpg 1920w\" sizes=\"auto, (max-width: 1200px) 100vw, 1200px\" \/><\/a><figcaption class=\"wp-element-caption\">Foto: Jos\u00e9 Limongi<\/figcaption><\/figure>\n\n\n\n<figure class=\"wp-block-image size-large\"><a href=\"http:\/\/beatrizazevedo.com\/ffotomauriziomancioli\/\"><img loading=\"lazy\" decoding=\"async\" width=\"1200\" height=\"1610\" data-id=\"4937\" src=\"http:\/\/beatrizazevedo.com\/wp-content\/uploads\/2014\/12\/ffotoMaurizioMancioli-1200x1610.jpg\" alt=\"\" class=\"wp-image-4937\" srcset=\"https:\/\/beatrizazevedo.com\/wp-content\/uploads\/2014\/12\/ffotoMaurizioMancioli-1200x1610.jpg 1200w, https:\/\/beatrizazevedo.com\/wp-content\/uploads\/2014\/12\/ffotoMaurizioMancioli-600x805.jpg 600w, https:\/\/beatrizazevedo.com\/wp-content\/uploads\/2014\/12\/ffotoMaurizioMancioli-300x403.jpg 300w, https:\/\/beatrizazevedo.com\/wp-content\/uploads\/2014\/12\/ffotoMaurizioMancioli.jpg 1641w\" sizes=\"auto, (max-width: 1200px) 100vw, 1200px\" \/><\/a><figcaption class=\"wp-element-caption\">Foto: Maurizio Mancioli<\/figcaption><\/figure>\n<\/figure>\n\n\n\n<p><strong>SINGLES<\/strong> &#8211; Singles para baixar <a href=\"http:\/\/www.amusicoteca.com.br\/?p=9489\" target=\"_blank\" rel=\"noreferrer noopener\">http:\/\/www.amusicoteca.com.br\/?p=9489<\/a><\/p>\n\n\n\n<p><strong>PORTFOLIO<\/strong> &#8211; Visualize&nbsp;<a href=\"http:\/\/issuu.com\/acrobeat\/docs\/portifolio_beatriz\" target=\"_blank\" rel=\"noreferrer noopener\">aqui<\/a>&nbsp;ou fa\u00e7a o&nbsp;<a href=\"http:\/\/beatrizazevedo.com\/wp-content\/uploads\/2014\/02\/PORTFOLIO.pdf\" target=\"_blank\" rel=\"noreferrer noopener\">download<\/a>.<\/p>\n\n\n\n<p><strong>RELEASE<\/strong> &#8211; Release da Biscoito Fino em Portugu\u00eas <a href=\"http:\/\/beatrizazevedo.com\/wp-content\/uploads\/2014\/02\/release_antroPOPhagia.pdf\" target=\"_blank\" rel=\"noreferrer noopener\">download<\/a><\/p>\n\n\n\n<p><strong>RELEASE <\/strong>&#8211; Press Release in English <a href=\"http:\/\/beatrizazevedo.com\/wp-content\/uploads\/2014\/02\/release-antroPOPhagia-english.pdf\" target=\"_blank\" rel=\"noreferrer noopener\">download<\/a><\/p>\n\n\n\n<p><strong>MAPA DE PALCO<\/strong> &#8211;&nbsp;<a href=\"http:\/\/beatrizazevedo.com\/?attachment_id=4942\">download<\/a><\/p>\n\n\n\n<p><strong>MAPA DE LUZ &#8211;&nbsp;<\/strong><a href=\"http:\/\/beatrizazevedo.com\/wp-content\/uploads\/2018\/10\/Mapa-de-Luz-Beatriz-Azevedo.pdf\" target=\"_blank\" rel=\"noreferrer noopener\">download<\/a><\/p>\n\n\n\n<p><strong>RIDER DE LUZ &#8211;&nbsp;<\/strong><a href=\"http:\/\/beatrizazevedo.com\/wp-content\/uploads\/2018\/10\/Rider-de-Luz-Beatriz-Azevedo.pdf\" target=\"_blank\" rel=\"noreferrer noopener\">download<\/a><\/p>\n\n\n\n<p><strong>RIDER DE PROJE\u00c7\u00c3O &#8211; <\/strong><a href=\"http:\/\/beatrizazevedo.com\/wp-content\/uploads\/2018\/10\/RIDER-DE-PROJE\u00c7\u00c3O.pdf\" target=\"_blank\" rel=\"noreferrer noopener\">download<\/a><\/p>\n\n\n\n<p><strong>RIDER DE SOM<\/strong> &#8211; <a href=\"http:\/\/beatrizazevedo.com\/wp-content\/uploads\/2018\/10\/RIDER-DE-SOM.pdf\" target=\"_blank\" rel=\"noreferrer noopener\">download<\/a><\/p>\n\n\n\n<p><strong>RIDER <\/strong>&#8211; Rider <a href=\"http:\/\/beatrizazevedo.com\/wp-content\/uploads\/2014\/02\/RIDER.pdf\" target=\"_blank\" rel=\"noreferrer noopener\">download<\/a><\/p>\n\n\n\n<p><strong>CAPA E ENCARTE do CD antroPOPhagia<\/strong><\/p>\n\n\n\n<p>Capa Digipack <a href=\"http:\/\/issuu.com\/acrobeat\/docs\/caixa_antropophagia_1capa\" target=\"_blank\" rel=\"noreferrer noopener\">Visualizar<\/a><\/p>\n\n\n\n<p>Encarte CD AntroPOPhagia <a href=\"http:\/\/issuu.com\/acrobeat\/docs\/encarte_antrpophagia_issuu\" target=\"_blank\" rel=\"noreferrer noopener\">Visualizar<\/a><\/p>\n\n\n\n<p><strong>CDs dispon\u00edveis no itunes:<\/strong> &#8211;&nbsp;<a href=\"https:\/\/itunes.apple.com\/br\/album\/alegria\/id730090331\" target=\"_blank\" rel=\"noreferrer noopener\">iTunes Brasil<\/a>&nbsp;&#8211;&nbsp;<a href=\"https:\/\/itunes.apple.com\/us\/artist\/beatriz-azevedo\/id259050953\" target=\"_blank\" rel=\"noreferrer noopener\">iTunes EUA<\/a><\/p>\n\n\n\n<p><strong>CD AntroPOPhagia<\/strong> ao vivo em Nova York <a href=\"https:\/\/itunes.apple.com\/br\/album\/id855835223\" target=\"_blank\" rel=\"noreferrer noopener\">comprar<\/a><\/p>\n\n\n\n<p><strong>CD Alegria<\/strong> <a href=\"https:\/\/itunes.apple.com\/br\/album\/id730090331\" target=\"_blank\" rel=\"noreferrer noopener\">comprar<\/a><\/p>\n\n\n\n<p><strong>CDs dispon\u00edveis na Biscoito Fino <\/strong><a href=\"http:\/\/www.biscoitofino.com.br\/artista\/beatriz-azevedo\/\" target=\"_blank\" rel=\"noreferrer noopener\">Artista Biscoito Fino<\/a><\/p>\n\n\n\n<p><strong>CD AntroPOPhagia<\/strong> ao vivo em Nova York <a href=\"http:\/\/www.biscoitofino.com.br\/produto\/antropophagia\/\" target=\"_blank\" rel=\"noreferrer noopener\">Comprar<\/a><\/p>\n\n\n\n<p><strong>CD Alegria<\/strong> <a href=\"http:\/\/www.biscoitofino.com.br\/produto\/alegria\/\" target=\"_blank\" rel=\"noreferrer noopener\">Comprar<\/a><\/p>\n\n\n\n<p><strong>LIVROS<\/strong><\/p>\n\n\n\n<p><strong>Peripat\u00e9tico<\/strong> &#8211; Editora Iluminuras <a href=\"http:\/\/www.iluminuras.com.br\/v1\/verdetalheslivros.asp?cod=286&amp;txtBusca=Poesia%20Brasileira&amp;autor=BEATRIZ%20AZEVEDO\" target=\"_blank\" rel=\"noreferrer noopener\">Comprar<\/a><\/p>\n\n\n\n<p><strong>Idade da Pedra<\/strong>&nbsp;&#8211; Editora Iluminuras <a href=\"http:\/\/www.iluminuras.com.br\/v1\/verdetalheslivros.asp?cod=171&amp;txtBusca=Poesia%20Brasileira&amp;autor=BEATRIZ%20AZEVEDO\" target=\"_blank\" rel=\"noreferrer noopener\">Comprar<\/a><\/p>\n","protected":false},"excerpt":{"rendered":"<p>FOTOS PARA DIVULGA\u00c7\u00c3O<\/p>\n<p>Clique na imagem desejada para realizar Download imediato<\/p>\n<p>Foto: Julia Moraes<\/p>\n<p>Foto: Julia Moraes<\/p>\n<p>Foto: Divulga\u00e7\u00e3o<\/p>\n<p>Foto: Lenise Pinheiro<\/p>\n<p>Foto: Bob Wolfenson<\/p>\n<p>Foto: Divulga\u00e7\u00e3o<\/p>\n<p>Foto: Lenise Pinheiro<\/p>\n<p>Foto: Jos\u00e9 Limongi<\/p>\n<p>Foto: Maurizio Mancioli<\/p>\n<p>SINGLES &#8211; Singles para baixar &#8230;<\/p>\n","protected":false},"author":2,"featured_media":0,"parent":0,"menu_order":99,"comment_status":"closed","ping_status":"closed","template":"","meta":{"_monsterinsights_skip_tracking":false,"_monsterinsights_sitenote_active":false,"_monsterinsights_sitenote_note":"","_monsterinsights_sitenote_category":0,"ngg_post_thumbnail":0,"footnotes":""},"class_list":["post-6090","page","type-page","status-publish","hentry"],"yoast_head":"<!-- This site is optimized with the Yoast SEO plugin v22.7 - https:\/\/yoast.com\/wordpress\/plugins\/seo\/ -->\n<title>Pro | B E A T R I Z AZEVEDO<\/title>\n<meta name=\"robots\" content=\"index, follow, max-snippet:-1, max-image-preview:large, max-video-preview:-1\" \/>\n<link rel=\"canonical\" href=\"https:\/\/www.beatrizazevedo.com\/en\/pro\/\" \/>\n<meta property=\"og:locale\" content=\"en_US\" \/>\n<meta property=\"og:type\" content=\"article\" \/>\n<meta property=\"og:title\" content=\"Pro | B E A T R I Z AZEVEDO\" \/>\n<meta property=\"og:description\" content=\"FOTOS PARA DIVULGA\u00c7\u00c3O  Clique na imagem desejada para realizar Download imediato   Foto: Julia Moraes  Foto: Julia Moraes  Foto: Divulga\u00e7\u00e3o  Foto: Lenise Pinheiro  Foto: Bob Wolfenson  Foto: Divulga\u00e7\u00e3o  Foto: Lenise Pinheiro  Foto: Jos\u00e9 Limongi  Foto: Maurizio Mancioli   SINGLES &#8211; Singles para baixar ...\" \/>\n<meta property=\"og:url\" content=\"https:\/\/www.beatrizazevedo.com\/en\/pro\/\" \/>\n<meta property=\"og:site_name\" content=\"B E A T R I Z AZEVEDO\" \/>\n<meta property=\"article:modified_time\" content=\"2023-04-24T13:14:05+00:00\" \/>\n<meta property=\"og:image\" content=\"http:\/\/beatrizazevedo.com\/wp-content\/uploads\/2019\/06\/IMG_2392-COLOR-1200x778.jpg\" \/>\n<meta name=\"twitter:label1\" content=\"Est. reading time\" \/>\n\t<meta name=\"twitter:data1\" content=\"1 minute\" \/>\n<script type=\"application\/ld+json\" class=\"yoast-schema-graph\">{\"@context\":\"https:\/\/schema.org\",\"@graph\":[{\"@type\":\"WebPage\",\"@id\":\"https:\/\/www.beatrizazevedo.com\/en\/pro\/\",\"url\":\"https:\/\/www.beatrizazevedo.com\/en\/pro\/\",\"name\":\"Pro | B E A T R I Z AZEVEDO\",\"isPartOf\":{\"@id\":\"https:\/\/www.beatrizazevedo.com\/en\/#website\"},\"primaryImageOfPage\":{\"@id\":\"https:\/\/www.beatrizazevedo.com\/en\/pro\/#primaryimage\"},\"image\":{\"@id\":\"https:\/\/www.beatrizazevedo.com\/en\/pro\/#primaryimage\"},\"thumbnailUrl\":\"http:\/\/beatrizazevedo.com\/wp-content\/uploads\/2019\/06\/IMG_2392-COLOR-1200x778.jpg\",\"datePublished\":\"2019-06-13T05:11:01+00:00\",\"dateModified\":\"2023-04-24T13:14:05+00:00\",\"breadcrumb\":{\"@id\":\"https:\/\/www.beatrizazevedo.com\/en\/pro\/#breadcrumb\"},\"inLanguage\":\"en-US\",\"potentialAction\":[{\"@type\":\"ReadAction\",\"target\":[\"https:\/\/www.beatrizazevedo.com\/en\/pro\/\"]}]},{\"@type\":\"ImageObject\",\"inLanguage\":\"en-US\",\"@id\":\"https:\/\/www.beatrizazevedo.com\/en\/pro\/#primaryimage\",\"url\":\"http:\/\/beatrizazevedo.com\/wp-content\/uploads\/2019\/06\/IMG_2392-COLOR-1200x778.jpg\",\"contentUrl\":\"http:\/\/beatrizazevedo.com\/wp-content\/uploads\/2019\/06\/IMG_2392-COLOR-1200x778.jpg\"},{\"@type\":\"BreadcrumbList\",\"@id\":\"https:\/\/www.beatrizazevedo.com\/en\/pro\/#breadcrumb\",\"itemListElement\":[{\"@type\":\"ListItem\",\"position\":1,\"name\":\"In\u00edcio\",\"item\":\"https:\/\/www.beatrizazevedo.com\/en\/\"},{\"@type\":\"ListItem\",\"position\":2,\"name\":\"Pro\"}]},{\"@type\":\"WebSite\",\"@id\":\"https:\/\/www.beatrizazevedo.com\/en\/#website\",\"url\":\"https:\/\/www.beatrizazevedo.com\/en\/\",\"name\":\"B E A T R I Z AZEVEDO\",\"description\":\"BEATRIZ AZEVEDO - official website\",\"potentialAction\":[{\"@type\":\"SearchAction\",\"target\":{\"@type\":\"EntryPoint\",\"urlTemplate\":\"https:\/\/www.beatrizazevedo.com\/en\/?s={search_term_string}\"},\"query-input\":\"required name=search_term_string\"}],\"inLanguage\":\"en-US\"}]}<\/script>\n<!-- \/ Yoast SEO plugin. -->","yoast_head_json":{"title":"Pro | B E A T R I Z AZEVEDO","robots":{"index":"index","follow":"follow","max-snippet":"max-snippet:-1","max-image-preview":"max-image-preview:large","max-video-preview":"max-video-preview:-1"},"canonical":"https:\/\/www.beatrizazevedo.com\/en\/pro\/","og_locale":"en_US","og_type":"article","og_title":"Pro | B E A T R I Z AZEVEDO","og_description":"FOTOS PARA DIVULGA\u00c7\u00c3O  Clique na imagem desejada para realizar Download imediato   Foto: Julia Moraes  Foto: Julia Moraes  Foto: Divulga\u00e7\u00e3o  Foto: Lenise Pinheiro  Foto: Bob Wolfenson  Foto: Divulga\u00e7\u00e3o  Foto: Lenise Pinheiro  Foto: Jos\u00e9 Limongi  Foto: Maurizio Mancioli   SINGLES &#8211; Singles para baixar ...","og_url":"https:\/\/www.beatrizazevedo.com\/en\/pro\/","og_site_name":"B E A T R I Z AZEVEDO","article_modified_time":"2023-04-24T13:14:05+00:00","og_image":[{"url":"http:\/\/beatrizazevedo.com\/wp-content\/uploads\/2019\/06\/IMG_2392-COLOR-1200x778.jpg"}],"twitter_misc":{"Est. reading time":"1 minute"},"schema":{"@context":"https:\/\/schema.org","@graph":[{"@type":"WebPage","@id":"https:\/\/www.beatrizazevedo.com\/en\/pro\/","url":"https:\/\/www.beatrizazevedo.com\/en\/pro\/","name":"Pro | B E A T R I Z AZEVEDO","isPartOf":{"@id":"https:\/\/www.beatrizazevedo.com\/en\/#website"},"primaryImageOfPage":{"@id":"https:\/\/www.beatrizazevedo.com\/en\/pro\/#primaryimage"},"image":{"@id":"https:\/\/www.beatrizazevedo.com\/en\/pro\/#primaryimage"},"thumbnailUrl":"http:\/\/beatrizazevedo.com\/wp-content\/uploads\/2019\/06\/IMG_2392-COLOR-1200x778.jpg","datePublished":"2019-06-13T05:11:01+00:00","dateModified":"2023-04-24T13:14:05+00:00","breadcrumb":{"@id":"https:\/\/www.beatrizazevedo.com\/en\/pro\/#breadcrumb"},"inLanguage":"en-US","potentialAction":[{"@type":"ReadAction","target":["https:\/\/www.beatrizazevedo.com\/en\/pro\/"]}]},{"@type":"ImageObject","inLanguage":"en-US","@id":"https:\/\/www.beatrizazevedo.com\/en\/pro\/#primaryimage","url":"http:\/\/beatrizazevedo.com\/wp-content\/uploads\/2019\/06\/IMG_2392-COLOR-1200x778.jpg","contentUrl":"http:\/\/beatrizazevedo.com\/wp-content\/uploads\/2019\/06\/IMG_2392-COLOR-1200x778.jpg"},{"@type":"BreadcrumbList","@id":"https:\/\/www.beatrizazevedo.com\/en\/pro\/#breadcrumb","itemListElement":[{"@type":"ListItem","position":1,"name":"In\u00edcio","item":"https:\/\/www.beatrizazevedo.com\/en\/"},{"@type":"ListItem","position":2,"name":"Pro"}]},{"@type":"WebSite","@id":"https:\/\/www.beatrizazevedo.com\/en\/#website","url":"https:\/\/www.beatrizazevedo.com\/en\/","name":"B E A T R I Z AZEVEDO","description":"BEATRIZ AZEVEDO - official website","potentialAction":[{"@type":"SearchAction","target":{"@type":"EntryPoint","urlTemplate":"https:\/\/www.beatrizazevedo.com\/en\/?s={search_term_string}"},"query-input":"required name=search_term_string"}],"inLanguage":"en-US"}]}},"_links":{"self":[{"href":"https:\/\/beatrizazevedo.com\/en\/wp-json\/wp\/v2\/pages\/6090","targetHints":{"allow":["GET"]}}],"collection":[{"href":"https:\/\/beatrizazevedo.com\/en\/wp-json\/wp\/v2\/pages"}],"about":[{"href":"https:\/\/beatrizazevedo.com\/en\/wp-json\/wp\/v2\/types\/page"}],"author":[{"embeddable":true,"href":"https:\/\/beatrizazevedo.com\/en\/wp-json\/wp\/v2\/users\/2"}],"replies":[{"embeddable":true,"href":"https:\/\/beatrizazevedo.com\/en\/wp-json\/wp\/v2\/comments?post=6090"}],"version-history":[{"count":3,"href":"https:\/\/beatrizazevedo.com\/en\/wp-json\/wp\/v2\/pages\/6090\/revisions"}],"predecessor-version":[{"id":6377,"href":"https:\/\/beatrizazevedo.com\/en\/wp-json\/wp\/v2\/pages\/6090\/revisions\/6377"}],"wp:attachment":[{"href":"https:\/\/beatrizazevedo.com\/en\/wp-json\/wp\/v2\/media?parent=6090"}],"curies":[{"name":"wp","href":"https:\/\/api.w.org\/{rel}","templated":true}]}}