{"id":4713,"date":"2014-05-05T13:52:30","date_gmt":"2014-05-05T13:52:30","guid":{"rendered":"http:\/\/beatrizazevedo.com\/?page_id=4713"},"modified":"2014-11-18T22:22:54","modified_gmt":"2014-11-18T22:22:54","slug":"mauricio-chiari","status":"publish","type":"page","link":"https:\/\/beatrizazevedo.com\/en\/bio\/banda\/mauricio-chiari\/","title":{"rendered":"MAUR\u00cdCIO CHIARI"},"content":{"rendered":"<p><strong><br \/>\n<a href=\"http:\/\/beatrizazevedo.com\/wp-content\/uploads\/2014\/03\/Mau-600x4381.jpg\"><img loading=\"lazy\" decoding=\"async\" class=\"alignnone size-full wp-image-4063\" alt=\"Mau-600x438\" src=\"http:\/\/beatrizazevedo.com\/wp-content\/uploads\/2014\/03\/Mau-600x4381.jpg\" width=\"600\" height=\"438\" srcset=\"https:\/\/beatrizazevedo.com\/wp-content\/uploads\/2014\/03\/Mau-600x4381.jpg 600w, https:\/\/beatrizazevedo.com\/wp-content\/uploads\/2014\/03\/Mau-600x4381-300x219.jpg 300w\" sizes=\"auto, (max-width: 600px) 100vw, 600px\" \/><\/p>\n<p><\/a>MAUR\u00cdCIO CHIARI\u00a0(Bateria e SPD)<\/strong><\/p>\n<p>Pernambucano, nascido em S\u00e3o Paulo, Maur\u00edcio mudou-se para o Recife com 6 anos de idade e l\u00e1 deu os primeiros passos na m\u00fasica. Em 1992 conheceu Chiquinho (tecladista Momboj\u00f3, C\u00e9u) com quem come\u00e7ou a ensaiar um futuro projeto musical compartilhado tamb\u00e9m com Felipe S. (vocal Momboj\u00f3, Trio Eterno) e com o guitarrista Rodrigo Samico (Saracotia, Alessandra Le\u00e3o). Ao fundo, fervia o movimento Mangue Beat, Maur\u00edcio, j\u00e1 cursando Bateria e percuss\u00e3o no Conservat\u00f3rio Pernambucano de M\u00fasica, obviamente, n\u00e3o ficou impune a essa influ\u00eancia. Com estes amigos, na banda Play Dami\u00e3o, tocou na cl\u00e1ssica Pina de Copacabana (1998), Festival de Garanhuns (1999) e PE no Rock (2000); gravou tamb\u00e9m com Madelefames (experimental) (2001) e Combo Recife de Improviso (Free-Jazz, post-rock)(2002). Com o fim da banda em 2001, Chiari se muda para S\u00e3o Paulo com planos de estudar audiovisual na USP, os planos mudam guiados pela vontade de tocar mais e, no mesmo ano, ingressa na concorrida Universidade Livre de M\u00fasica (ULM). L\u00e1, estudou com Lauro Lellis (baterista do Tom Z\u00e9), com o multinstrumentista Arismar do Esp\u00edrito Santo (Hermeto) e Fernando Barbosa (Fundador do Barbatuques). Em S\u00e3o Paulo toca com Momboj\u00f3, Ortinho, Orquestra Org\u00e2nica Perform\u00e1tica e Demetrius Lulo. Em 2003 \u00e9 convidado para gravar no Rio de Janeiro o primeiro disco Solo de China (Sheik Tosado) pelo selo EMI, com dire\u00e7\u00e3o musical de Dado Vila lobos (legi\u00e3o urbana) e produ\u00e7\u00e3o de Rafael Borges. \u00a0Radicado no Rio desde ent\u00e3o, ingressa no curso, pioneiro no Brasil, de Grava\u00e7\u00e3o e Produ\u00e7\u00e3o Fonogr\u00e1fica, na Faculdade Est\u00e1cio de S\u00e1 com orienta\u00e7\u00e3o de Mairton Bahia. Em 2006, com patroc\u00ednio da Petrobras, concluiu ambos os cursos, tocando e gravando o Songbook das Oficinas do Itiber\u00ea Zwarg (baixista do Hermeto Paschoal). Ao mesmo tempo, gravou e dirigiu o EP da banda B\u00e1rbara e os Perversos, tocou nos tr\u00eas primeiros anos da famosa big-band Songoro Cosongo, tocou com Bethi Albano, El\u00edsio Paschoal, Vin\u00edcius Castro, Rene Ferrer, Tamy, Udy, Max Sette, Gerson King Combo,\u00a0\u00a0tocou no inicio da Abayomy Afrobeat Orquestra e deu canjas com o virtuoso Yamandu Costa no bar Semente na Lapa. Atualmente trabalha com m\u00fasica e teatro em diversos projetos;\u00a0\u00a0Aquela Cia de Teatro no musical Outside (2011), Cara de Cavalo (2012) e Edypop (2014), e com Matheus Von Kruger, Pedro Mann, e Beatriz Azevedo, com quem gravou o CD ao vivo no Lincoln Center em Nova York (lan\u00e7amento Biscoito Fino 2014).<\/p>\n","protected":false},"excerpt":{"rendered":"<\/p>\n<p>MAUR\u00cdCIO CHIARI\u00a0(Bateria e SPD)<\/p>\n<p>Pernambucano, nascido em S\u00e3o Paulo, Maur\u00edcio mudou-se para o Recife com 6 anos de idade e l\u00e1 deu os primeiros passos na m\u00fasica. Em 1992 conheceu Chiquinho &#8230;<\/p>\n","protected":false},"author":2,"featured_media":0,"parent":4702,"menu_order":0,"comment_status":"closed","ping_status":"closed","template":"","meta":{"_monsterinsights_skip_tracking":false,"_monsterinsights_sitenote_active":false,"_monsterinsights_sitenote_note":"","_monsterinsights_sitenote_category":0,"ngg_post_thumbnail":0,"footnotes":""},"class_list":["post-4713","page","type-page","status-publish","hentry"],"yoast_head":"<!-- This site is optimized with the Yoast SEO plugin v22.7 - https:\/\/yoast.com\/wordpress\/plugins\/seo\/ -->\n<title>MAUR\u00cdCIO CHIARI | B E A T R I Z AZEVEDO<\/title>\n<meta name=\"robots\" content=\"index, follow, max-snippet:-1, max-image-preview:large, max-video-preview:-1\" \/>\n<link rel=\"canonical\" href=\"https:\/\/www.beatrizazevedo.com\/en\/bio\/banda\/mauricio-chiari\/\" \/>\n<meta property=\"og:locale\" content=\"en_US\" \/>\n<meta property=\"og:type\" content=\"article\" \/>\n<meta property=\"og:title\" content=\"MAUR\u00cdCIO CHIARI | B E A T R I Z AZEVEDO\" \/>\n<meta property=\"og:description\" content=\"MAUR\u00cdCIO CHIARI\u00a0(Bateria e SPD) Pernambucano, nascido em S\u00e3o Paulo, Maur\u00edcio mudou-se para o Recife com 6 anos de idade e l\u00e1 deu os primeiros passos na m\u00fasica. Em 1992 conheceu Chiquinho ...\" \/>\n<meta property=\"og:url\" content=\"https:\/\/www.beatrizazevedo.com\/en\/bio\/banda\/mauricio-chiari\/\" \/>\n<meta property=\"og:site_name\" content=\"B E A T R I Z AZEVEDO\" \/>\n<meta property=\"article:modified_time\" content=\"2014-11-18T22:22:54+00:00\" \/>\n<meta property=\"og:image\" content=\"http:\/\/beatrizazevedo.com\/wp-content\/uploads\/2014\/03\/Mau-600x4381.jpg\" \/>\n<meta name=\"twitter:label1\" content=\"Est. reading time\" \/>\n\t<meta name=\"twitter:data1\" content=\"2 minutes\" \/>\n<script type=\"application\/ld+json\" class=\"yoast-schema-graph\">{\"@context\":\"https:\/\/schema.org\",\"@graph\":[{\"@type\":\"WebPage\",\"@id\":\"https:\/\/www.beatrizazevedo.com\/en\/bio\/banda\/mauricio-chiari\/\",\"url\":\"https:\/\/www.beatrizazevedo.com\/en\/bio\/banda\/mauricio-chiari\/\",\"name\":\"MAUR\u00cdCIO CHIARI | B E A T R I Z AZEVEDO\",\"isPartOf\":{\"@id\":\"https:\/\/www.beatrizazevedo.com\/en\/#website\"},\"primaryImageOfPage\":{\"@id\":\"https:\/\/www.beatrizazevedo.com\/en\/bio\/banda\/mauricio-chiari\/#primaryimage\"},\"image\":{\"@id\":\"https:\/\/www.beatrizazevedo.com\/en\/bio\/banda\/mauricio-chiari\/#primaryimage\"},\"thumbnailUrl\":\"http:\/\/beatrizazevedo.com\/wp-content\/uploads\/2014\/03\/Mau-600x4381.jpg\",\"datePublished\":\"2014-05-05T13:52:30+00:00\",\"dateModified\":\"2014-11-18T22:22:54+00:00\",\"breadcrumb\":{\"@id\":\"https:\/\/www.beatrizazevedo.com\/en\/bio\/banda\/mauricio-chiari\/#breadcrumb\"},\"inLanguage\":\"en-US\",\"potentialAction\":[{\"@type\":\"ReadAction\",\"target\":[\"https:\/\/www.beatrizazevedo.com\/en\/bio\/banda\/mauricio-chiari\/\"]}]},{\"@type\":\"ImageObject\",\"inLanguage\":\"en-US\",\"@id\":\"https:\/\/www.beatrizazevedo.com\/en\/bio\/banda\/mauricio-chiari\/#primaryimage\",\"url\":\"http:\/\/beatrizazevedo.com\/wp-content\/uploads\/2014\/03\/Mau-600x4381.jpg\",\"contentUrl\":\"http:\/\/beatrizazevedo.com\/wp-content\/uploads\/2014\/03\/Mau-600x4381.jpg\"},{\"@type\":\"BreadcrumbList\",\"@id\":\"https:\/\/www.beatrizazevedo.com\/en\/bio\/banda\/mauricio-chiari\/#breadcrumb\",\"itemListElement\":[{\"@type\":\"ListItem\",\"position\":1,\"name\":\"In\u00edcio\",\"item\":\"https:\/\/www.beatrizazevedo.com\/en\/\"},{\"@type\":\"ListItem\",\"position\":2,\"name\":\"Bio\",\"item\":\"https:\/\/www.beatrizazevedo.com\/en\/bio\/\"},{\"@type\":\"ListItem\",\"position\":3,\"name\":\"B\u00e1rbaros Tecnizados\",\"item\":\"https:\/\/www.beatrizazevedo.com\/en\/bio\/banda\/\"},{\"@type\":\"ListItem\",\"position\":4,\"name\":\"MAUR\u00cdCIO CHIARI\"}]},{\"@type\":\"WebSite\",\"@id\":\"https:\/\/www.beatrizazevedo.com\/en\/#website\",\"url\":\"https:\/\/www.beatrizazevedo.com\/en\/\",\"name\":\"B E A T R I Z AZEVEDO\",\"description\":\"BEATRIZ AZEVEDO - official website\",\"potentialAction\":[{\"@type\":\"SearchAction\",\"target\":{\"@type\":\"EntryPoint\",\"urlTemplate\":\"https:\/\/www.beatrizazevedo.com\/en\/?s={search_term_string}\"},\"query-input\":\"required name=search_term_string\"}],\"inLanguage\":\"en-US\"}]}<\/script>\n<!-- \/ Yoast SEO plugin. -->","yoast_head_json":{"title":"MAUR\u00cdCIO CHIARI | B E A T R I Z AZEVEDO","robots":{"index":"index","follow":"follow","max-snippet":"max-snippet:-1","max-image-preview":"max-image-preview:large","max-video-preview":"max-video-preview:-1"},"canonical":"https:\/\/www.beatrizazevedo.com\/en\/bio\/banda\/mauricio-chiari\/","og_locale":"en_US","og_type":"article","og_title":"MAUR\u00cdCIO CHIARI | B E A T R I Z AZEVEDO","og_description":"MAUR\u00cdCIO CHIARI\u00a0(Bateria e SPD) Pernambucano, nascido em S\u00e3o Paulo, Maur\u00edcio mudou-se para o Recife com 6 anos de idade e l\u00e1 deu os primeiros passos na m\u00fasica. Em 1992 conheceu Chiquinho ...","og_url":"https:\/\/www.beatrizazevedo.com\/en\/bio\/banda\/mauricio-chiari\/","og_site_name":"B E A T R I Z AZEVEDO","article_modified_time":"2014-11-18T22:22:54+00:00","og_image":[{"url":"http:\/\/beatrizazevedo.com\/wp-content\/uploads\/2014\/03\/Mau-600x4381.jpg"}],"twitter_misc":{"Est. reading time":"2 minutes"},"schema":{"@context":"https:\/\/schema.org","@graph":[{"@type":"WebPage","@id":"https:\/\/www.beatrizazevedo.com\/en\/bio\/banda\/mauricio-chiari\/","url":"https:\/\/www.beatrizazevedo.com\/en\/bio\/banda\/mauricio-chiari\/","name":"MAUR\u00cdCIO CHIARI | B E A T R I Z AZEVEDO","isPartOf":{"@id":"https:\/\/www.beatrizazevedo.com\/en\/#website"},"primaryImageOfPage":{"@id":"https:\/\/www.beatrizazevedo.com\/en\/bio\/banda\/mauricio-chiari\/#primaryimage"},"image":{"@id":"https:\/\/www.beatrizazevedo.com\/en\/bio\/banda\/mauricio-chiari\/#primaryimage"},"thumbnailUrl":"http:\/\/beatrizazevedo.com\/wp-content\/uploads\/2014\/03\/Mau-600x4381.jpg","datePublished":"2014-05-05T13:52:30+00:00","dateModified":"2014-11-18T22:22:54+00:00","breadcrumb":{"@id":"https:\/\/www.beatrizazevedo.com\/en\/bio\/banda\/mauricio-chiari\/#breadcrumb"},"inLanguage":"en-US","potentialAction":[{"@type":"ReadAction","target":["https:\/\/www.beatrizazevedo.com\/en\/bio\/banda\/mauricio-chiari\/"]}]},{"@type":"ImageObject","inLanguage":"en-US","@id":"https:\/\/www.beatrizazevedo.com\/en\/bio\/banda\/mauricio-chiari\/#primaryimage","url":"http:\/\/beatrizazevedo.com\/wp-content\/uploads\/2014\/03\/Mau-600x4381.jpg","contentUrl":"http:\/\/beatrizazevedo.com\/wp-content\/uploads\/2014\/03\/Mau-600x4381.jpg"},{"@type":"BreadcrumbList","@id":"https:\/\/www.beatrizazevedo.com\/en\/bio\/banda\/mauricio-chiari\/#breadcrumb","itemListElement":[{"@type":"ListItem","position":1,"name":"In\u00edcio","item":"https:\/\/www.beatrizazevedo.com\/en\/"},{"@type":"ListItem","position":2,"name":"Bio","item":"https:\/\/www.beatrizazevedo.com\/en\/bio\/"},{"@type":"ListItem","position":3,"name":"B\u00e1rbaros Tecnizados","item":"https:\/\/www.beatrizazevedo.com\/en\/bio\/banda\/"},{"@type":"ListItem","position":4,"name":"MAUR\u00cdCIO CHIARI"}]},{"@type":"WebSite","@id":"https:\/\/www.beatrizazevedo.com\/en\/#website","url":"https:\/\/www.beatrizazevedo.com\/en\/","name":"B E A T R I Z AZEVEDO","description":"BEATRIZ AZEVEDO - official website","potentialAction":[{"@type":"SearchAction","target":{"@type":"EntryPoint","urlTemplate":"https:\/\/www.beatrizazevedo.com\/en\/?s={search_term_string}"},"query-input":"required name=search_term_string"}],"inLanguage":"en-US"}]}},"_links":{"self":[{"href":"https:\/\/beatrizazevedo.com\/en\/wp-json\/wp\/v2\/pages\/4713","targetHints":{"allow":["GET"]}}],"collection":[{"href":"https:\/\/beatrizazevedo.com\/en\/wp-json\/wp\/v2\/pages"}],"about":[{"href":"https:\/\/beatrizazevedo.com\/en\/wp-json\/wp\/v2\/types\/page"}],"author":[{"embeddable":true,"href":"https:\/\/beatrizazevedo.com\/en\/wp-json\/wp\/v2\/users\/2"}],"replies":[{"embeddable":true,"href":"https:\/\/beatrizazevedo.com\/en\/wp-json\/wp\/v2\/comments?post=4713"}],"version-history":[{"count":1,"href":"https:\/\/beatrizazevedo.com\/en\/wp-json\/wp\/v2\/pages\/4713\/revisions"}],"predecessor-version":[{"id":4714,"href":"https:\/\/beatrizazevedo.com\/en\/wp-json\/wp\/v2\/pages\/4713\/revisions\/4714"}],"up":[{"embeddable":true,"href":"https:\/\/beatrizazevedo.com\/en\/wp-json\/wp\/v2\/pages\/4702"}],"wp:attachment":[{"href":"https:\/\/beatrizazevedo.com\/en\/wp-json\/wp\/v2\/media?parent=4713"}],"curies":[{"name":"wp","href":"https:\/\/api.w.org\/{rel}","templated":true}]}}