{"id":4688,"date":"2014-08-18T18:49:04","date_gmt":"2014-08-18T18:49:04","guid":{"rendered":"http:\/\/beatrizazevedo.com\/?page_id=4688"},"modified":"2014-11-18T22:05:42","modified_gmt":"2014-11-18T22:05:42","slug":"plays","status":"publish","type":"page","link":"https:\/\/beatrizazevedo.com\/en\/plays\/","title":{"rendered":"Plays"},"content":{"rendered":"<p><b>ATUA\u00c7\u00c3O, DIRE\u00c7\u00c3O, DRAMATURGIA, PERFORMANCE, M\u00daSICA, ESPA\u00c7O C\u00caNICO<\/b><br \/>\n<b><br \/>\nPAGU 100 OSWALD 120<br \/>\n<\/b>Roteiro, atua\u00e7\u00e3o e dire\u00e7\u00e3o art\u00edstica: Beatriz Azevedo<br \/>\nComposi\u00e7\u00f5es de Beatriz Azevedo, Caetano Veloso, Cazuza e Jos\u00e9 Miguel Wisnik sobre poemas de Oswald de Andrade e Raul Bopp.<br \/>\nConvidados: Celso Sim e Crist\u00f3v\u00e3o Bastos<br \/>\n&#8211; MIRADA FESTIVAL IBERO-AMERICANO, SESC, SP.<br \/>\n&#8211; Teatro Sesc Santana, S\u00e3o Paulo<\/p>\n<p><b><br \/>\nCABARET ANTROP\u00d3FAGO<\/b>, texto de Oswald de Andrade<br \/>\nDire\u00e7\u00e3o, atua\u00e7\u00e3o e composi\u00e7\u00f5es musicais: Beatriz Azevedo<br \/>\nM\u00fasicos em cena: Angelo Ursini, Felipe Botelho e Pedro Manesco.<br \/>\nGrande elenco.<br \/>\n&#8211; Teatro Oficina, S\u00e3o Paulo<\/p>\n<p><b><br \/>\nMATAMOROS, da fantasia<\/b>\u00a0de Hilda Hilst.<br \/>\nDramaturgia e Encena\u00e7\u00e3o: Beatriz Azevedo<br \/>\nElenco: Beatriz Azevedo, Luiz Paetow, Maria Alice Vergueiro, Sabrina Greve<br \/>\nEspa\u00e7o C\u00eanico: Beatriz Azevedo<br \/>\nDesenho de Luz: Marisa Bentivegna<br \/>\nFigurinos: Marjorie Gueller e Joana Porto<br \/>\nVideos: Rafael Gomes<br \/>\nM\u00fasica Original: Beatriz Azevedo<br \/>\nProjeto Gr\u00e1fico: Lia Assump\u00e7\u00e3o<br \/>\nFotos: Lenise Pinheiro<br \/>\nProdu\u00e7\u00e3o: Fernanda Signorini<br \/>\nDIre\u00e7\u00e3o Geral: Beatriz Azevedo<br \/>\nPatroc\u00ednio: CCBB Centro Cultural Banco do Brasil, S\u00e3o Paulo.<b>\u00a0<\/b><\/p>\n<p><b><br \/>\nLeituras Dram\u00e1ticas de Matamoros<\/b><br \/>\n&#8211; Beatriz Azevedo, M\u00aa Alice Vergueiro, Luiz Paetow, Sabrina Greve. Sesc Pinheiros, SP<br \/>\n&#8211; Beatriz Azevedo, Giulia Gam, Rosi Campos, Sabrina Greve. Sesc Copacabana, RJ<br \/>\n&#8211; Beatriz Azevedo, Marco Ricca, Rosi Campos, S\u00e9rgio Mamberti. Bienal do Livro, SP<\/p>\n<p><b><br \/>\nO FUN\u00c2MBULO, de Jean Genet<\/b><br \/>\nTradu\u00e7\u00e3o e Dire\u00e7\u00e3o: Beatriz Azevedo<br \/>\nElenco: Beatriz Azevedo e Z\u00e9 Celso Martinez Correa.<br \/>\n&#8211; Teatro Sesc Copacabana, Rio de Janeiro<br \/>\n&#8211; Leitura com Z\u00e9 Celso Martinez Correa na Casa da Palavra de Sto. Andr\u00e9<br \/>\n&#8211; Leitura dram\u00e1tica no Ciclo Limites da Literatura, Biblioteca M\u00e1rio de Andrade, S\u00e3o Paulo<\/p>\n<p><b><br \/>\nCASCOS E CAR\u00cdCIAS,<\/b>\u00a0de Hilda Hilst.<br \/>\nAtua\u00e7\u00e3o e Dire\u00e7\u00e3o: Beatriz Azevedo<br \/>\nProjeto 70 anos de Hilda Hilst<br \/>\n&#8211; Sesc Pomp\u00e9ia, S\u00e3o Paulo<\/p>\n<p><b><br \/>\nDA MORTE, ODES M\u00cdNIMAS<\/b>\u00a0de Hilda Hilst<br \/>\nAtua\u00e7\u00e3o e Dire\u00e7\u00e3o: Beatriz Azevedo<br \/>\nProjeto 70 anos de Hilda Hilst<br \/>\n&#8211; Sesc Pomp\u00e9ia, S\u00e3o Paulo.<br \/>\n&#8211; Audit\u00f3rio da Folha &#8211; Lan\u00e7amento do Livro no Audit\u00f3rio do jornal Folha de SP.<\/p>\n<p><b><br \/>\nPATTY DIPHUSA<\/b>, de Pedro Almod\u00f3var<br \/>\nDire\u00e7\u00e3o: Fernando Guerreiro<br \/>\nDiretora Assistente: Beatriz Azevedo<br \/>\nElenco: Christiane Tricerri, Milhem Cortaz, Marcelo M\u00e9dici.<br \/>\n&#8211; Teatro TBC.<\/p>\n<p><b>Peripat\u00e9tico poema-de-ch\u00e3o<br \/>\n<\/b><span style=\"line-height: 1.5em;\">Texto, Atua\u00e7\u00e3o e Dire\u00e7\u00e3o: Beatriz Azevedo<br \/>\n<\/span><span style=\"line-height: 1.5em;\">Dire\u00e7\u00e3o Corporal : Lu Grimaldi<br \/>\n<\/span><span style=\"line-height: 1.5em;\">Dire\u00e7\u00e3o de Percuss\u00e3o : Pixu Flores<br \/>\n<\/span><span style=\"line-height: 1.5em;\">Figurino: Cl\u00e1udia Schapira.<br \/>\n<\/span><span style=\"line-height: 1.5em;\">&#8211; FLA\/BRA FESTIVAL NOS ESTADOS UNIDOS.<br \/>\n<\/span><span style=\"line-height: 1.5em;\">&#8211; ALA JORGE MAUTNER inaugura\u00e7\u00e3o do espa\u00e7o na FUNARTE SP.<br \/>\n<\/span><span style=\"line-height: 1.5em;\">&#8211; Comemora\u00e7\u00e3o do Anivers\u00e1rio da cidade de S\u00e3o Paulo<br \/>\n<\/span><span style=\"line-height: 1.5em;\">&#8211; Casa da Marquesa de Santos<br \/>\n<\/span>&#8211; Espa\u00e7o Unibanco de Cinema<\/p>\n<p>&nbsp;<\/p>\n<p><b>PERIPAT\u00c9TICOS<\/b>, Teatro Musical<br \/>\n<span style=\"line-height: 1.5em;\">Dramaturgia, Atua\u00e7\u00e3o e Dire\u00e7\u00e3o: Beatriz Azevedo<br \/>\n<\/span><span style=\"line-height: 1.5em;\">Elenco: Bocato, Madalena Bernardes, Gabriel Levy e outros.<br \/>\n<\/span><span style=\"line-height: 1.5em;\">Evento Circo Nerino.<br \/>\n<\/span><span style=\"line-height: 1.5em;\">&#8211; Teatro Sesc Pomp\u00e9ia, SP.<\/span><\/p>\n<p><b>BACANTES<\/b>, de Eur\u00edpedes<br \/>\n<span style=\"line-height: 1.5em;\">Dire\u00e7\u00e3o : Z\u00e9 Celso Martinez Correa.<br \/>\n<\/span><span style=\"line-height: 1.5em;\">Elenco: Beatriz Azevedo, Denise Assun\u00e7\u00e3o, Pachoal da Concei\u00e7\u00e3o, Leona Cavalli e grande elenco.<br \/>\n<\/span><span style=\"line-height: 1.5em;\">&#8211; Teatro Oficina.<br \/>\n<\/span><span style=\"line-height: 1.5em;\">&#8211; Festival de Teatro Grego &#8211; Sesc Ribeir\u00e3o Preto, SP.<\/span><\/p>\n<p>&nbsp;<\/p>\n<p><b>\u00d3PERA URBANA ZUCCO<\/b>\u00a0de Bernard-Marie Kolt\u00e9s<br \/>\nAtua\u00e7\u00e3o e Dire\u00e7\u00e3o: Beatriz Azevedo<br \/>\nElenco: Magali Biff, Adilson Barros, Petr\u00f4nio Gontijo e grande elenco.<br \/>\n&#8211; Teatro Sesc Pomp\u00e9ia, S\u00e3o Paulo.<\/p>\n<p>&nbsp;<\/p>\n<p><b>TEATRO DE BERNARD-MARIE KOLT\u00c9S<\/b><br \/>\nDramaturgia e Adapta\u00e7\u00e3o da obra do dramaturgo franc\u00eas: Beatriz Azevedo<br \/>\nCiclo de Leituras Dram\u00e1ticas na Alian\u00e7a Francesa<br \/>\nElenco: Adilson Barros, Fernando Peixoto, Magali Biff, Rosi Campos, e grande elenco.<br \/>\nIntrodu\u00e7\u00e3o do livro \u201cTeatro de B.M.Kolt\u00e9s\u201d publicado pela Editora Hucitec.<\/p>\n<p>&nbsp;<\/p>\n<p><b>MIST\u00c9RIOS GOZOSOS<\/b>, de Oswald de Andrade<br \/>\nDire\u00e7\u00e3o: Z\u00e9 Celso Martinez Correa<br \/>\nElenco: Beatriz Azevedo, Marcelo Drummond, Monica Salmaso, Paschoal da Concei\u00e7\u00e3o, Z\u00e9 Miguel Wisnik e grande elenco.<br \/>\nCarnaval Teatral Paulista, S\u00e3o Paulo.<\/p>\n<p>&nbsp;<\/p>\n<p><b>SR. PUNTILLA E SEU CRIADO MATTI<\/b>, de Bertolt Brecht<br \/>\nDire\u00e7\u00e3o: Beatriz Azevedo<br \/>\nEspet\u00e1culo musical com N\u00facleo de Teatro da Secretaria de Estado da Cultura de S\u00e3o Paulo.<\/p>\n<p>&nbsp;<\/p>\n<p><b>VOX POPULI<\/b>.\u00a0 Teatro Musical.<br \/>\nRoteiro e Dire\u00e7\u00e3o: Beatriz Azevedo<br \/>\nElenco: Rosi Campos, Jairo Matos, Let\u00edcia Coura, Th\u00e9o Werneck e Cabaret Babel.<br \/>\nrealiza\u00e7\u00e3o do SESC S\u00e3o Paulo.<br \/>\n&#8211; Largo de S\u00e3o Francisco, S\u00e3o Paulo.<\/p>\n<p>&nbsp;<\/p>\n<p><b>COMIGO N\u00c3O, VIOL\u00c3O<\/b>, livre adapta\u00e7\u00e3o de &#8220;O Belo Indiferente&#8221; de Jean Cocteau<br \/>\nDramaturgia e Dire\u00e7\u00e3o: Beatriz Azevedo<br \/>\nElenco: grupo Cabaret Babel, Jo\u00e3o Carlos Andreassa e Carla Gialucca.<br \/>\n&#8211; Teatro Sesc Anchieta.<\/p>\n<p>&nbsp;<\/p>\n<p><b>I LOVE : Maiakovski e Lili Brik<\/b><br \/>\nTexto e Dire\u00e7\u00e3o: Beatriz Azevedo<br \/>\nElenco: Jairo Matos, Cl\u00e1udia Schapira, Jo\u00e3o Carlos Andreassa e Cia Cabaret Babel.<br \/>\n&#8211; Centro Cultural S\u00e3o Paulo<br \/>\n&#8211; Sesc Consola\u00e7\u00e3o<br \/>\n&#8211; TBC, S\u00e3o Paulo.<\/p>\n<p>&nbsp;<\/p>\n<p><b>LEITURA DRAM\u00c1TICA DE &#8220;I LOVE &#8211; MAIAKOVSKI E LILI BRIK&#8221;<\/b><br \/>\nDramaturgia, Atua\u00e7\u00e3o e Dire\u00e7\u00e3o: Beatriz Azevedo<br \/>\n&#8211; Sala Beckett, Barcelona, Espanha.<\/p>\n<p>&nbsp;<\/p>\n<p><b>LIUBLI\u00da<\/b><br \/>\nTexto e Dire\u00e7\u00e3o: Beatriz Azevedo<br \/>\nElenco: Petr\u00f4nio Gontijo, Cl\u00e1udia Schapira e grupo Cabaret Babel<br \/>\n&#8211; Teatro Sesc Anchieta, S\u00e3o Paulo.<\/p>\n<p>&nbsp;<\/p>\n<p><b>FANTASIA DE FEDRA FUROR<\/b><br \/>\nTexto Teatral de Beatriz Azevedo<br \/>\nDire\u00e7\u00e3o de Cibele Forjaz<br \/>\nElenco: Rosi Campos , Paulo M\u00e1rcio<br \/>\nTeatro Sesc Anchieta S\u00e3o Paulo<\/p>\n<p>&nbsp;<\/p>\n<p><b>HAM-LET,<\/b>\u00a0de William Shakespeare<br \/>\nDire\u00e7\u00e3o: Z\u00e9 Celso Martinez Correa<br \/>\nElenco: Beatriz Azevedo, Denise Assun\u00e7\u00e3o, Marcelo Drummond, Pachoal da Concei\u00e7\u00e3o e grande elenco do Teatro Oficina.<br \/>\n&#8211; Circuito SESC do Estado de S\u00e3o Paulo.<\/p>\n<p>&nbsp;<\/p>\n<p><b>A \u00c9POCA DE OURO DO R\u00c1DIO BRASILEIRO<\/b><br \/>\ntexto e dire\u00e7\u00e3o: Beatriz Azevedo<br \/>\nTeatro musical com grupo Bons Tempos.<br \/>\n&#8211; Centro de Conviv\u00eancia Cultural de Campinas.<\/p>\n<p>&nbsp;<\/p>\n<p><b>CACILDA!<\/b><br \/>\nTexto e Dire\u00e7\u00e3o: Z\u00e9 Celso Martinez Correa.<br \/>\nElenco: Beatriz Azevedo, Bete Coelho, Marcelo Drummond, Raul Cortez e grande elenco.<br \/>\n&#8211; Teatro S\u00e9rgio Cardoso, S\u00e3o Paulo.<\/p>\n<p>&nbsp;<\/p>\n<p><b>O ZOOL\u00d3GICO<\/b>, de Dejair Rodrigues.<br \/>\nDire\u00e7\u00e3o: Celso Nunes<br \/>\nElenco: Beatriz Azevedo, D\u00e9bora Duboc, Luah Guimar\u00e3es, e outros.<br \/>\n&#8211; Teatro do Instituto de Artes, Unicamp, Campinas, SP.<\/p>\n<p>&nbsp;<\/p>\n<p><b>H\u00c1 UM TREM DENTRO DA NOITE<\/b>, de Bertolt Brecht<br \/>\nDire\u00e7\u00e3o : M\u00e1rcio Aur\u00e9lio<br \/>\nElenco: Beatriz Azevedo, D\u00e9bora Duboc, Petr\u00f4nio Gontijo, Regina Fran\u00e7a e outros.<br \/>\n&#8211; Teatro Crowne Plaza, S\u00e3o Paulo.<\/p>\n<p>&nbsp;<\/p>\n<p><b>BILITIS<\/b>, de Pierre Louys.<br \/>\nDramaturgia e Dire\u00e7\u00e3o: Beatriz Azevedo<br \/>\nElenco: D\u00e9bora Duboc, Gabriel Braga Nunes, Luah Guimar\u00e3es e Cia Cabaret Babel.<br \/>\n&#8211; Teatro Vento Forte, S\u00e3o Paulo.<br \/>\n&#8211; Teatro do Instituto de Artes da UNICAMP.<\/p>\n<p>&nbsp;<\/p>\n<p><b>C\u00e2NTICO DOS C\u00e2NTICOS<\/b>, de Oswald de Andrade.<br \/>\nDire\u00e7\u00e3o: Beatriz Azevedo<br \/>\nElenco: Maria Alice Vergueiro e grupo Cabaret Babel<br \/>\n&#8211; Teatro Oficina, S\u00e3o Paulo.<\/p>\n","protected":false},"excerpt":{"rendered":"<p>ATUA\u00c7\u00c3O, DIRE\u00c7\u00c3O, DRAMATURGIA, PERFORMANCE, M\u00daSICA, ESPA\u00c7O C\u00caNICO<\/p>\n<p>PAGU 100 OSWALD 120<br \/>\nRoteiro, atua\u00e7\u00e3o e dire\u00e7\u00e3o art\u00edstica: Beatriz Azevedo<br \/>\nComposi\u00e7\u00f5es de Beatriz Azevedo, Caetano Veloso, Cazuza e Jos\u00e9 Miguel Wisnik sobre poemas de Oswald &#8230;<\/p>\n","protected":false},"author":2,"featured_media":0,"parent":0,"menu_order":0,"comment_status":"closed","ping_status":"closed","template":"","meta":{"_monsterinsights_skip_tracking":false,"_monsterinsights_sitenote_active":false,"_monsterinsights_sitenote_note":"","_monsterinsights_sitenote_category":0,"ngg_post_thumbnail":0,"footnotes":""},"class_list":["post-4688","page","type-page","status-publish","hentry"],"yoast_head":"<!-- This site is optimized with the Yoast SEO plugin v22.7 - https:\/\/yoast.com\/wordpress\/plugins\/seo\/ -->\n<title>Plays | B E A T R I Z AZEVEDO<\/title>\n<meta name=\"robots\" content=\"index, follow, max-snippet:-1, max-image-preview:large, max-video-preview:-1\" \/>\n<link rel=\"canonical\" href=\"https:\/\/www.beatrizazevedo.com\/en\/plays\/\" \/>\n<meta property=\"og:locale\" content=\"en_US\" \/>\n<meta property=\"og:type\" content=\"article\" \/>\n<meta property=\"og:title\" content=\"Plays | B E A T R I Z AZEVEDO\" \/>\n<meta property=\"og:description\" content=\"ATUA\u00c7\u00c3O, DIRE\u00c7\u00c3O, DRAMATURGIA, PERFORMANCE, M\u00daSICA, ESPA\u00c7O C\u00caNICO PAGU 100 OSWALD 120 Roteiro, atua\u00e7\u00e3o e dire\u00e7\u00e3o art\u00edstica: Beatriz Azevedo Composi\u00e7\u00f5es de Beatriz Azevedo, Caetano Veloso, Cazuza e Jos\u00e9 Miguel Wisnik sobre poemas de Oswald ...\" \/>\n<meta property=\"og:url\" content=\"https:\/\/www.beatrizazevedo.com\/en\/plays\/\" \/>\n<meta property=\"og:site_name\" content=\"B E A T R I Z AZEVEDO\" \/>\n<meta property=\"article:modified_time\" content=\"2014-11-18T22:05:42+00:00\" \/>\n<meta name=\"twitter:label1\" content=\"Est. reading time\" \/>\n\t<meta name=\"twitter:data1\" content=\"6 minutes\" \/>\n<script type=\"application\/ld+json\" class=\"yoast-schema-graph\">{\"@context\":\"https:\/\/schema.org\",\"@graph\":[{\"@type\":\"WebPage\",\"@id\":\"https:\/\/www.beatrizazevedo.com\/en\/plays\/\",\"url\":\"https:\/\/www.beatrizazevedo.com\/en\/plays\/\",\"name\":\"Plays | B E A T R I Z AZEVEDO\",\"isPartOf\":{\"@id\":\"https:\/\/www.beatrizazevedo.com\/en\/#website\"},\"datePublished\":\"2014-08-18T18:49:04+00:00\",\"dateModified\":\"2014-11-18T22:05:42+00:00\",\"breadcrumb\":{\"@id\":\"https:\/\/www.beatrizazevedo.com\/en\/plays\/#breadcrumb\"},\"inLanguage\":\"en-US\",\"potentialAction\":[{\"@type\":\"ReadAction\",\"target\":[\"https:\/\/www.beatrizazevedo.com\/en\/plays\/\"]}]},{\"@type\":\"BreadcrumbList\",\"@id\":\"https:\/\/www.beatrizazevedo.com\/en\/plays\/#breadcrumb\",\"itemListElement\":[{\"@type\":\"ListItem\",\"position\":1,\"name\":\"In\u00edcio\",\"item\":\"https:\/\/www.beatrizazevedo.com\/en\/\"},{\"@type\":\"ListItem\",\"position\":2,\"name\":\"Plays\"}]},{\"@type\":\"WebSite\",\"@id\":\"https:\/\/www.beatrizazevedo.com\/en\/#website\",\"url\":\"https:\/\/www.beatrizazevedo.com\/en\/\",\"name\":\"B E A T R I Z AZEVEDO\",\"description\":\"BEATRIZ AZEVEDO - official website\",\"potentialAction\":[{\"@type\":\"SearchAction\",\"target\":{\"@type\":\"EntryPoint\",\"urlTemplate\":\"https:\/\/www.beatrizazevedo.com\/en\/?s={search_term_string}\"},\"query-input\":\"required name=search_term_string\"}],\"inLanguage\":\"en-US\"}]}<\/script>\n<!-- \/ Yoast SEO plugin. -->","yoast_head_json":{"title":"Plays | B E A T R I Z AZEVEDO","robots":{"index":"index","follow":"follow","max-snippet":"max-snippet:-1","max-image-preview":"max-image-preview:large","max-video-preview":"max-video-preview:-1"},"canonical":"https:\/\/www.beatrizazevedo.com\/en\/plays\/","og_locale":"en_US","og_type":"article","og_title":"Plays | B E A T R I Z AZEVEDO","og_description":"ATUA\u00c7\u00c3O, DIRE\u00c7\u00c3O, DRAMATURGIA, PERFORMANCE, M\u00daSICA, ESPA\u00c7O C\u00caNICO PAGU 100 OSWALD 120 Roteiro, atua\u00e7\u00e3o e dire\u00e7\u00e3o art\u00edstica: Beatriz Azevedo Composi\u00e7\u00f5es de Beatriz Azevedo, Caetano Veloso, Cazuza e Jos\u00e9 Miguel Wisnik sobre poemas de Oswald ...","og_url":"https:\/\/www.beatrizazevedo.com\/en\/plays\/","og_site_name":"B E A T R I Z AZEVEDO","article_modified_time":"2014-11-18T22:05:42+00:00","twitter_misc":{"Est. reading time":"6 minutes"},"schema":{"@context":"https:\/\/schema.org","@graph":[{"@type":"WebPage","@id":"https:\/\/www.beatrizazevedo.com\/en\/plays\/","url":"https:\/\/www.beatrizazevedo.com\/en\/plays\/","name":"Plays | B E A T R I Z AZEVEDO","isPartOf":{"@id":"https:\/\/www.beatrizazevedo.com\/en\/#website"},"datePublished":"2014-08-18T18:49:04+00:00","dateModified":"2014-11-18T22:05:42+00:00","breadcrumb":{"@id":"https:\/\/www.beatrizazevedo.com\/en\/plays\/#breadcrumb"},"inLanguage":"en-US","potentialAction":[{"@type":"ReadAction","target":["https:\/\/www.beatrizazevedo.com\/en\/plays\/"]}]},{"@type":"BreadcrumbList","@id":"https:\/\/www.beatrizazevedo.com\/en\/plays\/#breadcrumb","itemListElement":[{"@type":"ListItem","position":1,"name":"In\u00edcio","item":"https:\/\/www.beatrizazevedo.com\/en\/"},{"@type":"ListItem","position":2,"name":"Plays"}]},{"@type":"WebSite","@id":"https:\/\/www.beatrizazevedo.com\/en\/#website","url":"https:\/\/www.beatrizazevedo.com\/en\/","name":"B E A T R I Z AZEVEDO","description":"BEATRIZ AZEVEDO - official website","potentialAction":[{"@type":"SearchAction","target":{"@type":"EntryPoint","urlTemplate":"https:\/\/www.beatrizazevedo.com\/en\/?s={search_term_string}"},"query-input":"required name=search_term_string"}],"inLanguage":"en-US"}]}},"_links":{"self":[{"href":"https:\/\/beatrizazevedo.com\/en\/wp-json\/wp\/v2\/pages\/4688","targetHints":{"allow":["GET"]}}],"collection":[{"href":"https:\/\/beatrizazevedo.com\/en\/wp-json\/wp\/v2\/pages"}],"about":[{"href":"https:\/\/beatrizazevedo.com\/en\/wp-json\/wp\/v2\/types\/page"}],"author":[{"embeddable":true,"href":"https:\/\/beatrizazevedo.com\/en\/wp-json\/wp\/v2\/users\/2"}],"replies":[{"embeddable":true,"href":"https:\/\/beatrizazevedo.com\/en\/wp-json\/wp\/v2\/comments?post=4688"}],"version-history":[{"count":1,"href":"https:\/\/beatrizazevedo.com\/en\/wp-json\/wp\/v2\/pages\/4688\/revisions"}],"predecessor-version":[{"id":4689,"href":"https:\/\/beatrizazevedo.com\/en\/wp-json\/wp\/v2\/pages\/4688\/revisions\/4689"}],"wp:attachment":[{"href":"https:\/\/beatrizazevedo.com\/en\/wp-json\/wp\/v2\/media?parent=4688"}],"curies":[{"name":"wp","href":"https:\/\/api.w.org\/{rel}","templated":true}]}}