{"id":4686,"date":"2014-02-12T18:38:46","date_gmt":"2014-02-12T18:38:46","guid":{"rendered":"http:\/\/beatrizazevedo.com\/?page_id=4686"},"modified":"2015-03-25T20:11:12","modified_gmt":"2015-03-25T20:11:12","slug":"literature-2","status":"publish","type":"page","link":"https:\/\/beatrizazevedo.com\/en\/literature-2\/","title":{"rendered":"Literature"},"content":{"rendered":"<p>BOOKS<br \/>\n<strong>Idade da Pedra<\/strong><br \/>\nEditora Iluminuras<br \/>\nApresenta\u00e7\u00e3o de Jorge Mautner<\/p>\n<p><strong>Peripat\u00e9tico<\/strong><br \/>\nEditora Iluminuras<\/p>\n<p><strong>Tudo quanto arde<\/strong><br \/>\nEditora Palavra Muda<br \/>\nApresenta\u00e7\u00e3o de Carlos Rodrigues Brand\u00e3o<\/p>\n<p><strong>Teatro de Bernard-Marie Kolt\u00e9s<\/strong><br \/>\nEditora Hucitec<br \/>\nApresenta\u00e7\u00e3o de Fernando Peixoto<\/p>\n<p>&nbsp;<\/p>\n<p>READINGS and LITERATURE FESTIVALS<\/p>\n<p><strong>\u00cdNDIO \u00c9 N\u00d3S<\/strong><br \/>\nCuradoria de Andr\u00e9 Vallias<br \/>\nTeatro S\u00e9rgio Porto, Rio de Janeiro<\/p>\n<p><strong>CEP 20.000<\/strong><br \/>\nCuradoria de Chacal<br \/>\nRio de Janeiro<\/p>\n<p><strong>ENCONTRO COM O ESCRITOR<\/strong><br \/>\nCom Beatriz Azevedo, Fernando Bonassi, Daniel Munduruku<br \/>\nBiblioteca Alceu Amoroso Lima, S\u00e3o Paulo<\/p>\n<p><strong>ART\u2013ANTHROPOPHAGIE\u2013AUJOURD\u2019HUI<\/strong><br \/>\nCuradoria Gilles D\u2019Staal<br \/>\nGalerie de Nesle, Paris, Fran\u00e7a.<\/p>\n<p><strong>FLIP Festa Liter\u00e1ria Internacional de Paraty<\/strong><br \/>\nM\u00fasica e Poesia<br \/>\nParaty, RJ.<\/p>\n<p><strong>CASCOS E CAR\u00cdCIAS,\u00a0de Hilda Hilst.<\/strong><br \/>\nProjeto 70 anos de Hilda Hilst<br \/>\nSesc Pomp\u00e9ia, S\u00e3o Paulo<\/p>\n<p><strong>DA MORTE, ODES M\u00cdNIMAS\u00a0<\/strong><br \/>\nde Hilda Hilst<br \/>\nProjeto 70 anos de Hilda Hilst<br \/>\nSesc Pomp\u00e9ia, S\u00e3o Paulo.<br \/>\nLan\u00e7amento do Livro no Audit\u00f3rio do jornal Folha de SP.<\/p>\n<p><strong>Programa Versos Diversos\u00a0<\/strong><br \/>\ninterpreta\u00e7\u00e3o de poetas brasileiros contempor\u00e2neos.<br \/>\nDire\u00e7\u00e3o: Ivan Marques<br \/>\nTV CULTURA<\/p>\n<p><strong>BIENAL DE POESIA DE BELO HORIZONTE<\/strong><br \/>\napresenta\u00e7\u00e3o po\u00e9tico-musical<br \/>\nTeatro Pal\u00e1cio das Artes<\/p>\n<p><strong>PORTUGAL, BRASIL, \u00c1FRICA \u2013 NAVEGAR \u00c9 PRECISO\u00a0<\/strong><br \/>\nPoesia Portuguesa Contempor\u00e2nea<br \/>\nInterpreta\u00e7\u00e3o de Herberto Helder, Mario Cesariny, Fiama Paes Brand\u00e3o e outros.<br \/>\nCom Beatriz Azevedo, S\u00e9rgio Mamberti, Ernesto de Melo e Castro<br \/>\nCuradoria de Claudio Willer.<br \/>\nCentro Cultural S\u00e3o Paulo<\/p>\n<p><strong>MATAMOROS de Hilda Hilst\u00a0<\/strong><br \/>\nBeatriz Azevedo, Marco Ricca, Rosi Campos, S\u00e9rgio Mamberti.<br \/>\nBienal do Livro, SP<\/p>\n<p><strong>LEITURA DRAM\u00c1TICA DE \u201cI LOVE \u2013 MAIAKOVSKI E LILI BRIK\u201d<\/strong><br \/>\nCuradoria de Jose Sanchis Sinisterra<br \/>\nSala Beckett, Barcelona, Espanha.<\/p>\n<p><strong>70 ANOS SEMANA DE ARTE MODERNA\u00a0<\/strong><br \/>\ndire\u00e7\u00e3o de Z\u00e9 Miguel Wisnik<br \/>\nBeatriz Azevedo faz sua estreia como poeta em SP, interpretando seus poemas no Teatro Municipal de S\u00e3o Paulo, no espet\u00e1culo dirigido por Jos\u00e9 Miguel Wisnik.<br \/>\nTeatro Municipal de S\u00e3o Paulo<\/p>\n<p>&nbsp;<\/p>\n<p>CURATOR<\/p>\n<p><strong>Palavra Viva Hilda Hilst<\/strong><br \/>\ncuradoria de Beatriz Azevedo<br \/>\nSesc Pinheiros<\/p>\n<p><strong>Palavra Viva Oswald de Andrade<\/strong><br \/>\ncuradoria de Beatriz Azevedo<br \/>\nSesc Pinheiros<\/p>\n<p><strong>Encontro Internacional de Antropofagia EIA!<\/strong><br \/>\ncuradoria e dire\u00e7\u00e3o art\u00edstica: Beatriz Azevedo<br \/>\ndire\u00e7\u00e3o geral: Z\u00e9 Celso Martinez Correa<br \/>\nUma semana incluindo performances, shows e leituras dram\u00e1ticas.<br \/>\nSesc Pomp\u00e9ia<\/p>\n<p><strong>M\u00fasica &amp; Poesia<\/strong><br \/>\ncuradoria de Beatriz Azevedo<br \/>\nCPFL Cultural<\/p>\n<p><strong>BRECHT 100 ANOS<\/strong><br \/>\ncuradoria de Beatriz Azevedo<br \/>\nLeituras Dram\u00e1ticas com participa\u00e7\u00e3o de S\u00e1bato Magaldi, Gerd Bornheim, Renato Borghi, Cida Moreira, Fernando Peixoto, Z\u00e9 Celso Martinez Correa, Suzana Salles, etc\u2026<br \/>\nTeatro da Universidade Mackenzie<br \/>\nBiblioteca M\u00e1rio de Andrade, S\u00e3o Paulo<\/p>\n<p><strong>TEATRO DE BERNARD-MARIE KOLT\u00c9S<\/strong><br \/>\ncuradoria de Beatriz Azevedo<br \/>\nCiclo de Leituras Dram\u00e1ticas na Alian\u00e7a Francesa de SP.<br \/>\ncom Rosi Campos, Fernando Peixoto, Magali Biff, e outros.<br \/>\nIntrodu\u00e7\u00e3o do livro \u201cTeatro de B.M.Kolt\u00e9s\u201d publicado pela Editora Hucitec.<\/p>\n","protected":false},"excerpt":{"rendered":"<p>BOOKS<br \/>\nIdade da Pedra<br \/>\nEditora Iluminuras<br \/>\nApresenta\u00e7\u00e3o de Jorge Mautner<\/p>\n<p>Peripat\u00e9tico<br \/>\nEditora Iluminuras<\/p>\n<p>Tudo quanto arde<br \/>\nEditora Palavra Muda<br \/>\nApresenta\u00e7\u00e3o de Carlos Rodrigues Brand\u00e3o<\/p>\n<p>Teatro de Bernard-Marie Kolt\u00e9s<br \/>\nEditora Hucitec<br \/>\nApresenta\u00e7\u00e3o de Fernando Peixoto<\/p>\n<p>&nbsp;<\/p>\n<p>READINGS and LITERATURE FESTIVALS<\/p>\n<p>\u00cdNDIO \u00c9 N\u00d3S<br \/>\nCuradoria de Andr\u00e9 &#8230;<\/p>\n","protected":false},"author":2,"featured_media":0,"parent":0,"menu_order":0,"comment_status":"open","ping_status":"closed","template":"","meta":{"_monsterinsights_skip_tracking":false,"_monsterinsights_sitenote_active":false,"_monsterinsights_sitenote_note":"","_monsterinsights_sitenote_category":0,"ngg_post_thumbnail":0,"footnotes":""},"class_list":["post-4686","page","type-page","status-publish","hentry"],"yoast_head":"<!-- This site is optimized with the Yoast SEO plugin v22.7 - https:\/\/yoast.com\/wordpress\/plugins\/seo\/ -->\n<title>Literature | B E A T R I Z AZEVEDO<\/title>\n<meta name=\"robots\" content=\"index, follow, max-snippet:-1, max-image-preview:large, max-video-preview:-1\" \/>\n<link rel=\"canonical\" href=\"https:\/\/www.beatrizazevedo.com\/en\/literature-2\/\" \/>\n<meta property=\"og:locale\" content=\"en_US\" \/>\n<meta property=\"og:type\" content=\"article\" \/>\n<meta property=\"og:title\" content=\"Literature | B E A T R I Z AZEVEDO\" \/>\n<meta property=\"og:description\" content=\"BOOKS Idade da Pedra Editora Iluminuras Apresenta\u00e7\u00e3o de Jorge Mautner Peripat\u00e9tico Editora Iluminuras Tudo quanto arde Editora Palavra Muda Apresenta\u00e7\u00e3o de Carlos Rodrigues Brand\u00e3o Teatro de Bernard-Marie Kolt\u00e9s Editora Hucitec Apresenta\u00e7\u00e3o de Fernando Peixoto &nbsp; READINGS and LITERATURE FESTIVALS \u00cdNDIO \u00c9 N\u00d3S Curadoria de Andr\u00e9 ...\" \/>\n<meta property=\"og:url\" content=\"https:\/\/www.beatrizazevedo.com\/en\/literature-2\/\" \/>\n<meta property=\"og:site_name\" content=\"B E A T R I Z AZEVEDO\" \/>\n<meta property=\"article:modified_time\" content=\"2015-03-25T20:11:12+00:00\" \/>\n<meta name=\"twitter:label1\" content=\"Est. reading time\" \/>\n\t<meta name=\"twitter:data1\" content=\"2 minutes\" \/>\n<script type=\"application\/ld+json\" class=\"yoast-schema-graph\">{\"@context\":\"https:\/\/schema.org\",\"@graph\":[{\"@type\":\"WebPage\",\"@id\":\"https:\/\/www.beatrizazevedo.com\/en\/literature-2\/\",\"url\":\"https:\/\/www.beatrizazevedo.com\/en\/literature-2\/\",\"name\":\"Literature | B E A T R I Z AZEVEDO\",\"isPartOf\":{\"@id\":\"https:\/\/www.beatrizazevedo.com\/en\/#website\"},\"datePublished\":\"2014-02-12T18:38:46+00:00\",\"dateModified\":\"2015-03-25T20:11:12+00:00\",\"breadcrumb\":{\"@id\":\"https:\/\/www.beatrizazevedo.com\/en\/literature-2\/#breadcrumb\"},\"inLanguage\":\"en-US\",\"potentialAction\":[{\"@type\":\"ReadAction\",\"target\":[\"https:\/\/www.beatrizazevedo.com\/en\/literature-2\/\"]}]},{\"@type\":\"BreadcrumbList\",\"@id\":\"https:\/\/www.beatrizazevedo.com\/en\/literature-2\/#breadcrumb\",\"itemListElement\":[{\"@type\":\"ListItem\",\"position\":1,\"name\":\"In\u00edcio\",\"item\":\"https:\/\/www.beatrizazevedo.com\/en\/\"},{\"@type\":\"ListItem\",\"position\":2,\"name\":\"Literature\"}]},{\"@type\":\"WebSite\",\"@id\":\"https:\/\/www.beatrizazevedo.com\/en\/#website\",\"url\":\"https:\/\/www.beatrizazevedo.com\/en\/\",\"name\":\"B E A T R I Z AZEVEDO\",\"description\":\"BEATRIZ AZEVEDO - official website\",\"potentialAction\":[{\"@type\":\"SearchAction\",\"target\":{\"@type\":\"EntryPoint\",\"urlTemplate\":\"https:\/\/www.beatrizazevedo.com\/en\/?s={search_term_string}\"},\"query-input\":\"required name=search_term_string\"}],\"inLanguage\":\"en-US\"}]}<\/script>\n<!-- \/ Yoast SEO plugin. -->","yoast_head_json":{"title":"Literature | B E A T R I Z AZEVEDO","robots":{"index":"index","follow":"follow","max-snippet":"max-snippet:-1","max-image-preview":"max-image-preview:large","max-video-preview":"max-video-preview:-1"},"canonical":"https:\/\/www.beatrizazevedo.com\/en\/literature-2\/","og_locale":"en_US","og_type":"article","og_title":"Literature | B E A T R I Z AZEVEDO","og_description":"BOOKS Idade da Pedra Editora Iluminuras Apresenta\u00e7\u00e3o de Jorge Mautner Peripat\u00e9tico Editora Iluminuras Tudo quanto arde Editora Palavra Muda Apresenta\u00e7\u00e3o de Carlos Rodrigues Brand\u00e3o Teatro de Bernard-Marie Kolt\u00e9s Editora Hucitec Apresenta\u00e7\u00e3o de Fernando Peixoto &nbsp; READINGS and LITERATURE FESTIVALS \u00cdNDIO \u00c9 N\u00d3S Curadoria de Andr\u00e9 ...","og_url":"https:\/\/www.beatrizazevedo.com\/en\/literature-2\/","og_site_name":"B E A T R I Z AZEVEDO","article_modified_time":"2015-03-25T20:11:12+00:00","twitter_misc":{"Est. reading time":"2 minutes"},"schema":{"@context":"https:\/\/schema.org","@graph":[{"@type":"WebPage","@id":"https:\/\/www.beatrizazevedo.com\/en\/literature-2\/","url":"https:\/\/www.beatrizazevedo.com\/en\/literature-2\/","name":"Literature | B E A T R I Z AZEVEDO","isPartOf":{"@id":"https:\/\/www.beatrizazevedo.com\/en\/#website"},"datePublished":"2014-02-12T18:38:46+00:00","dateModified":"2015-03-25T20:11:12+00:00","breadcrumb":{"@id":"https:\/\/www.beatrizazevedo.com\/en\/literature-2\/#breadcrumb"},"inLanguage":"en-US","potentialAction":[{"@type":"ReadAction","target":["https:\/\/www.beatrizazevedo.com\/en\/literature-2\/"]}]},{"@type":"BreadcrumbList","@id":"https:\/\/www.beatrizazevedo.com\/en\/literature-2\/#breadcrumb","itemListElement":[{"@type":"ListItem","position":1,"name":"In\u00edcio","item":"https:\/\/www.beatrizazevedo.com\/en\/"},{"@type":"ListItem","position":2,"name":"Literature"}]},{"@type":"WebSite","@id":"https:\/\/www.beatrizazevedo.com\/en\/#website","url":"https:\/\/www.beatrizazevedo.com\/en\/","name":"B E A T R I Z AZEVEDO","description":"BEATRIZ AZEVEDO - official website","potentialAction":[{"@type":"SearchAction","target":{"@type":"EntryPoint","urlTemplate":"https:\/\/www.beatrizazevedo.com\/en\/?s={search_term_string}"},"query-input":"required name=search_term_string"}],"inLanguage":"en-US"}]}},"_links":{"self":[{"href":"https:\/\/beatrizazevedo.com\/en\/wp-json\/wp\/v2\/pages\/4686","targetHints":{"allow":["GET"]}}],"collection":[{"href":"https:\/\/beatrizazevedo.com\/en\/wp-json\/wp\/v2\/pages"}],"about":[{"href":"https:\/\/beatrizazevedo.com\/en\/wp-json\/wp\/v2\/types\/page"}],"author":[{"embeddable":true,"href":"https:\/\/beatrizazevedo.com\/en\/wp-json\/wp\/v2\/users\/2"}],"replies":[{"embeddable":true,"href":"https:\/\/beatrizazevedo.com\/en\/wp-json\/wp\/v2\/comments?post=4686"}],"version-history":[{"count":2,"href":"https:\/\/beatrizazevedo.com\/en\/wp-json\/wp\/v2\/pages\/4686\/revisions"}],"predecessor-version":[{"id":5069,"href":"https:\/\/beatrizazevedo.com\/en\/wp-json\/wp\/v2\/pages\/4686\/revisions\/5069"}],"wp:attachment":[{"href":"https:\/\/beatrizazevedo.com\/en\/wp-json\/wp\/v2\/media?parent=4686"}],"curies":[{"name":"wp","href":"https:\/\/api.w.org\/{rel}","templated":true}]}}