{"id":4663,"date":"2014-05-21T21:33:07","date_gmt":"2014-05-21T21:33:07","guid":{"rendered":"http:\/\/beatrizazevedo.com\/?page_id=4663"},"modified":"2015-03-25T20:09:45","modified_gmt":"2015-03-25T20:09:45","slug":"criticas-2","status":"publish","type":"page","link":"https:\/\/beatrizazevedo.com\/en\/criticas-2\/","title":{"rendered":"Reviews"},"content":{"rendered":"<p><strong>REVIEWS<\/strong><\/p>\n<p><em>Beatriz Azevedo is an award-winning actress and poet, as well as a subversive singer-songwriter. She combines traditional Brazilian rhythms like Maracatu and Maxixe with fiercely individual lyrics, tempered by beguiling musical quirkiness \u2014 hardly surprising when her band includes musicians who\u2019ve played with Tom Waits and David Byrne.<br \/>\nThis live airing of highlights from her catalog glides between romance and the artiness of the avant-garde, and is a suitably polished introduction to the queen-in-waiting of new Brazilian pop<\/em>.<br \/>\n<strong>CHRIS NICKSON [Wonderingsound, UK]<\/strong><\/p>\n<p><em>Beatriz Azevedo is anthropophagic, a modern Tropicalist; her music mixes traditional rhythms, contemporary grooves and poetry. With huge musical and poetic creativity, Beatriz Azevedo is the Brazilian artist you must follow.<\/em><br \/>\n<strong>SANDRINE TEIXIDO [Vibrations, France]<\/strong><\/p>\n<p><em>Beatriz Azevedo captures the essence of traditional Brazilian rhythms without making them sound old and rehearsed, always making sure to heat things up with her own personal style.<\/em><br \/>\n<strong>KERRY MCNEIL [CMJ New York] <\/strong><\/p>\n<p><em>The extraordinary new recording by Beatriz Azevedo has it all &#8211; high literary erudition, carnavalesque exuberance, absurdist humor, and audacious experimentalism &#8211; the hallmarks of antropofagia.<\/em><br \/>\n<strong>CHRISTOPHER DUNN [USA] \u201cBrutality Garden: Tropic\u00e1lia and the emergence of a Brazilian Counterculture\u201d (Chapel Hill). <\/strong><br \/>\n<em><br \/>\nBeatriz Azevedo sings Kurt Weill with elegance. Her version of &#8220;Speak Low&#8221; is as sexy as the singing of Anita O\u2019Day or Billie Holiday. <\/em><br \/>\n<strong>LAURENCE ALOIR [Radio France, Paris] <\/strong><\/p>\n<p><em>Beatriz Azevedo\u2019s position musically stands alongside Tom Z\u00e9, (Bahian, longtime inhabitant of S\u00e3o Paulo), Itamar Assump\u00e7\u00e3o, Arnaldo Antunes, Andr\u00e9 Abujamra (Karnak), all Paulistas, all multi-artistes. With this CD, one can gauge that Beatriz is not the mistress of a certain type of culture or philosophy, nor a complicated musician. It\u2019s Pop \u2013 not the pop music of mass-consumption &#8211; she is Pop in the sense of Pop Art. <\/em><br \/>\n<strong>JIN NAKAHARA [JAPAN] <\/strong><\/p>\n<p><em>Beatriz, we bought your book to have your autograph, a pact of letters and ink and for you to continue your work. My own copy of &#8220;Peripathetic\u201d was so often read that the pages show signs of handling. It will be mailed to your house for you to put your spell and your signature on, and then to send it back to me again, the reader and owner of the book that was yours and now is ours. <\/em><br \/>\n<strong>TOM Z\u00c9 [Tropicalist musician and composer, released in US by Luaka Bop&#8217;s albums Fabrication Defect, The Hips of Tradition, Brazil Classics 4:Tom Z\u00e9, and others]<\/strong><\/p>\n<p>Beatriz Azevedo\u2019s mix of melodies, rhythms and poetry place her in a unique position<br \/>\nin Brazilian music. Everything in her work sounds different, special. Collaborating with<br \/>\nBeatriz makes me more observant and attentive. Yes, I\u2019m her partner and it\u2019s my pleasure.<br \/>\n<strong>VINICIUS CANTU\u00c1RIA [composer, artist]<\/strong><\/p>\n<p><em>Perhaps the latest in a great, historic line of poet-songstresses from Brazil, Beatriz&#8217;s singing is reminiscent of the world star of MPB, sassy Marisa Monte, as much as the likes of the late, vulnerable-voiced Elis Regina. The album from which Cena is taken, (&#8220;Bum Bum do Poeta&#8221;, which also boasts the Celso Sim-sung, Azevedo-penned gem Circo), ranges from lounge lizard dub to quirky country samba, with the S\u00e3o Paulo siren announcing herself as a major songwriter and singer of great personality. <\/em><br \/>\n<strong>RICK GLANVILL [England \/ UK]<\/strong><\/p>\n<p><em>Chosen by Gilberto Gil to represent her country at the Soccer World Cup in Germany, the songwriter and singer Beatriz Azevedo will perform in Paris at L\u2019Entrepot et at the Divan Du Monde. Mixing percussion, traditional grooves and new rhythmic patterns, Beatriz Azevedo performs with great musicians from Brazil in her band. <\/em><br \/>\n<strong>C. N. [Le Parisien, Paris, France] <\/strong><\/p>\n<p><em>Beatriz Azevedo embodies originality and class in the world of contemporary Brazilian music. Having earned the respect of discerning music lovers around the world, particularly in her native Brazil, in the UK, and in Japan, she makes a rare appearance in NY tonight. <\/em><br \/>\n<strong>DANIEL SHIRAI [Flavorpill &#8211; New York]<\/strong><\/p>\n<p><em>Brazilian singer Beatriz Azevedo is as much poet as songwriter. Her samba-driven arrangements may put you in mind of Arto Lindsay, as will her relaxed vocal delivery. <\/em> <strong>K. WILLIAMS [Time Out &#8211; New York]<\/strong><\/p>\n<p><em>Beatriz Azevedo is a recognized Brazilian artist making an extended visit to New York. She is an extremely energetic creative artist and performer. Her lyrical side extends to songwriting and performing, as she has released her first CD &#8220;Bum Bum Do Poeta&#8221; on Caetano Veloso\u2019s label Natasha Records. All these achievements and her bright personality make Beatriz Azevedo a special artist. <\/em><br \/>\n<strong>CHARLES ANDREWS PERRONE [USA] Ph.D., author of Masters of Contemporary Brazilian Song and Brazilian Popular Music and Globalization. <\/strong><\/p>\n<p>B<em>eatriz Azevedo as a poet is chilling. That is, she dwells deep within the essence of being, without ever losing the subtleties of form. From her album Bum Bum Do Poeta, to the sacro-profane performance Peripat\u00e9tico Poema De Ch\u00e3o, we see a common denominator: diamond like and brightly moving like a ballerina of wisdom. Beatriz Azevedo is not only eternal and modern, she is the junction and atomization of vigour, of talent and beauty.<\/em><br \/>\n<strong>JORGE MAUTNER [Poet and Songwriter, Grammy winner \u201cCaetano Veloso e Jorge Mautner: Eu N\u00e3o Pe\u00e7o Desculpa\u201d]. <\/strong><br \/>\n<em><br \/>\nIt is the first time that I sing on a CD and participate in a show with a band, I have never done this in my life. Theatre\u2019s greatest refinement is when theatre turns into music, when theatre turns into dance. It\u2019s when prose disappears and all becomes poetry. Beatriz is a contemporary woman in this sense, she is an actress and a poet, above all, a poet, an extraordinary poet. By being a poet, she wants to be a poet in everything, and she is achieving exactly that, by mixing everything, and this mix is every artist\u2019s desire. <\/em><br \/>\n<strong>Z\u00c9 CELSO MARTINEZ CORREA [Director of Teatro Oficina, Brazil\u2019s leading Tropicalist theatrical company]. <\/strong><\/p>\n<p><em>The album contains one tango arrangement of &#8220;Insensatez&#8221;, (Jobim\/ Vin\u00edcius), and &#8220;What Is This Thing Called Love&#8221;, by Cole Porter, that starts in a jazz ambience, (Beatriz\u2019s voice remembers Marlene Dietrich!), before changing to the rhythm of Jongo. If the concert in NY was recorded by surprise, would be fair that, now, the show be filmed to a future DVD, because of the importance of it\u2019s visual aspect.<\/em><br \/>\n<strong>DANIEL ACHEDJIAN [Tropicalia, Belgium] <\/strong><\/p>\n<p><em>Being a \u201cmulti artist\u201d is kind of fashion now. However, it\u2019s rare to find an artist that is really so truly \u201cmulti\u201d as how much Beatriz Azevedo is. In fact it is necessary to research her, she is far from making self promotion of all her talents. <\/em><br \/>\n<strong>BETH N\u00c9SPOLI [Caderno 2, Estado de S\u00e3o Paulo]<\/strong><\/p>\n<p>&nbsp;<\/p>\n<p>&nbsp;<\/p>\n<p>&nbsp;<\/p>\n","protected":false},"excerpt":{"rendered":"<p>REVIEWS<\/p>\n<p>Beatriz Azevedo is an award-winning actress and poet, as well as a subversive singer-songwriter. She combines traditional Brazilian rhythms like Maracatu and Maxixe with fiercely individual lyrics, tempered by beguiling &#8230;<\/p>\n","protected":false},"author":2,"featured_media":0,"parent":0,"menu_order":0,"comment_status":"closed","ping_status":"closed","template":"","meta":{"_monsterinsights_skip_tracking":false,"_monsterinsights_sitenote_active":false,"_monsterinsights_sitenote_note":"","_monsterinsights_sitenote_category":0,"ngg_post_thumbnail":0,"footnotes":""},"class_list":["post-4663","page","type-page","status-publish","hentry"],"yoast_head":"<!-- This site is optimized with the Yoast SEO plugin v22.7 - https:\/\/yoast.com\/wordpress\/plugins\/seo\/ -->\n<title>Reviews | B E A T R I Z AZEVEDO<\/title>\n<meta name=\"robots\" content=\"index, follow, max-snippet:-1, max-image-preview:large, max-video-preview:-1\" \/>\n<link rel=\"canonical\" href=\"https:\/\/www.beatrizazevedo.com\/en\/criticas-2\/\" \/>\n<meta property=\"og:locale\" content=\"en_US\" \/>\n<meta property=\"og:type\" content=\"article\" \/>\n<meta property=\"og:title\" content=\"Reviews | B E A T R I Z AZEVEDO\" \/>\n<meta property=\"og:description\" content=\"REVIEWS Beatriz Azevedo is an award-winning actress and poet, as well as a subversive singer-songwriter. She combines traditional Brazilian rhythms like Maracatu and Maxixe with fiercely individual lyrics, tempered by beguiling ...\" \/>\n<meta property=\"og:url\" content=\"https:\/\/www.beatrizazevedo.com\/en\/criticas-2\/\" \/>\n<meta property=\"og:site_name\" content=\"B E A T R I Z AZEVEDO\" \/>\n<meta property=\"article:modified_time\" content=\"2015-03-25T20:09:45+00:00\" \/>\n<meta name=\"twitter:label1\" content=\"Est. reading time\" \/>\n\t<meta name=\"twitter:data1\" content=\"6 minutes\" \/>\n<script type=\"application\/ld+json\" class=\"yoast-schema-graph\">{\"@context\":\"https:\/\/schema.org\",\"@graph\":[{\"@type\":\"WebPage\",\"@id\":\"https:\/\/www.beatrizazevedo.com\/en\/criticas-2\/\",\"url\":\"https:\/\/www.beatrizazevedo.com\/en\/criticas-2\/\",\"name\":\"Reviews | B E A T R I Z AZEVEDO\",\"isPartOf\":{\"@id\":\"https:\/\/www.beatrizazevedo.com\/en\/#website\"},\"datePublished\":\"2014-05-21T21:33:07+00:00\",\"dateModified\":\"2015-03-25T20:09:45+00:00\",\"breadcrumb\":{\"@id\":\"https:\/\/www.beatrizazevedo.com\/en\/criticas-2\/#breadcrumb\"},\"inLanguage\":\"en-US\",\"potentialAction\":[{\"@type\":\"ReadAction\",\"target\":[\"https:\/\/www.beatrizazevedo.com\/en\/criticas-2\/\"]}]},{\"@type\":\"BreadcrumbList\",\"@id\":\"https:\/\/www.beatrizazevedo.com\/en\/criticas-2\/#breadcrumb\",\"itemListElement\":[{\"@type\":\"ListItem\",\"position\":1,\"name\":\"In\u00edcio\",\"item\":\"https:\/\/www.beatrizazevedo.com\/en\/\"},{\"@type\":\"ListItem\",\"position\":2,\"name\":\"Reviews\"}]},{\"@type\":\"WebSite\",\"@id\":\"https:\/\/www.beatrizazevedo.com\/en\/#website\",\"url\":\"https:\/\/www.beatrizazevedo.com\/en\/\",\"name\":\"B E A T R I Z AZEVEDO\",\"description\":\"BEATRIZ AZEVEDO - official website\",\"potentialAction\":[{\"@type\":\"SearchAction\",\"target\":{\"@type\":\"EntryPoint\",\"urlTemplate\":\"https:\/\/www.beatrizazevedo.com\/en\/?s={search_term_string}\"},\"query-input\":\"required name=search_term_string\"}],\"inLanguage\":\"en-US\"}]}<\/script>\n<!-- \/ Yoast SEO plugin. -->","yoast_head_json":{"title":"Reviews | B E A T R I Z AZEVEDO","robots":{"index":"index","follow":"follow","max-snippet":"max-snippet:-1","max-image-preview":"max-image-preview:large","max-video-preview":"max-video-preview:-1"},"canonical":"https:\/\/www.beatrizazevedo.com\/en\/criticas-2\/","og_locale":"en_US","og_type":"article","og_title":"Reviews | B E A T R I Z AZEVEDO","og_description":"REVIEWS Beatriz Azevedo is an award-winning actress and poet, as well as a subversive singer-songwriter. She combines traditional Brazilian rhythms like Maracatu and Maxixe with fiercely individual lyrics, tempered by beguiling ...","og_url":"https:\/\/www.beatrizazevedo.com\/en\/criticas-2\/","og_site_name":"B E A T R I Z AZEVEDO","article_modified_time":"2015-03-25T20:09:45+00:00","twitter_misc":{"Est. reading time":"6 minutes"},"schema":{"@context":"https:\/\/schema.org","@graph":[{"@type":"WebPage","@id":"https:\/\/www.beatrizazevedo.com\/en\/criticas-2\/","url":"https:\/\/www.beatrizazevedo.com\/en\/criticas-2\/","name":"Reviews | B E A T R I Z AZEVEDO","isPartOf":{"@id":"https:\/\/www.beatrizazevedo.com\/en\/#website"},"datePublished":"2014-05-21T21:33:07+00:00","dateModified":"2015-03-25T20:09:45+00:00","breadcrumb":{"@id":"https:\/\/www.beatrizazevedo.com\/en\/criticas-2\/#breadcrumb"},"inLanguage":"en-US","potentialAction":[{"@type":"ReadAction","target":["https:\/\/www.beatrizazevedo.com\/en\/criticas-2\/"]}]},{"@type":"BreadcrumbList","@id":"https:\/\/www.beatrizazevedo.com\/en\/criticas-2\/#breadcrumb","itemListElement":[{"@type":"ListItem","position":1,"name":"In\u00edcio","item":"https:\/\/www.beatrizazevedo.com\/en\/"},{"@type":"ListItem","position":2,"name":"Reviews"}]},{"@type":"WebSite","@id":"https:\/\/www.beatrizazevedo.com\/en\/#website","url":"https:\/\/www.beatrizazevedo.com\/en\/","name":"B E A T R I Z AZEVEDO","description":"BEATRIZ AZEVEDO - official website","potentialAction":[{"@type":"SearchAction","target":{"@type":"EntryPoint","urlTemplate":"https:\/\/www.beatrizazevedo.com\/en\/?s={search_term_string}"},"query-input":"required name=search_term_string"}],"inLanguage":"en-US"}]}},"_links":{"self":[{"href":"https:\/\/beatrizazevedo.com\/en\/wp-json\/wp\/v2\/pages\/4663","targetHints":{"allow":["GET"]}}],"collection":[{"href":"https:\/\/beatrizazevedo.com\/en\/wp-json\/wp\/v2\/pages"}],"about":[{"href":"https:\/\/beatrizazevedo.com\/en\/wp-json\/wp\/v2\/types\/page"}],"author":[{"embeddable":true,"href":"https:\/\/beatrizazevedo.com\/en\/wp-json\/wp\/v2\/users\/2"}],"replies":[{"embeddable":true,"href":"https:\/\/beatrizazevedo.com\/en\/wp-json\/wp\/v2\/comments?post=4663"}],"version-history":[{"count":3,"href":"https:\/\/beatrizazevedo.com\/en\/wp-json\/wp\/v2\/pages\/4663\/revisions"}],"predecessor-version":[{"id":5068,"href":"https:\/\/beatrizazevedo.com\/en\/wp-json\/wp\/v2\/pages\/4663\/revisions\/5068"}],"wp:attachment":[{"href":"https:\/\/beatrizazevedo.com\/en\/wp-json\/wp\/v2\/media?parent=4663"}],"curies":[{"name":"wp","href":"https:\/\/api.w.org\/{rel}","templated":true}]}}